{"id":6863,"date":"2026-03-26T13:30:43","date_gmt":"2026-03-26T12:30:43","guid":{"rendered":"https:\/\/maulkorb-shop.ch\/?post_type=product&#038;p=6863"},"modified":"2026-03-28T23:18:06","modified_gmt":"2026-03-28T22:18:06","slug":"chopo-schaeferhund-huendin-dreifarbig","status":"publish","type":"product","link":"https:\/\/maulkorb-shop.ch\/index.php\/produkt\/chopo-schaeferhund-huendin-dreifarbig\/","title":{"rendered":"CHOPO Sch\u00e4ferhund H\u00fcndin dreifarbig"},"content":{"rendered":"<div class=\"tab-body active\">\n<h6>CHOPO Sch\u00e4ferhund H\u00fcndin dreifarbig, genau der Korb wie abgebildet<\/h6>\n<p>Riemen Biothane<\/p>\n<p>&nbsp;<\/p>\n<h6>Drahtmaulkorb, pulverbeschichtet<\/h6>\n<\/div>\n<p>&nbsp;<\/p>\n<div class=\"tab-body active\">\n<p><strong>Masse innen <\/strong>(inkl. Nasenpolster), kleine Abweichungen sind herstellungsbedingt m\u00f6glich<strong>:<\/strong><\/p>\n<p><strong>L\u00e4nge: 11 cm<\/strong><\/p>\n<p><strong>Umfang: 39 cm<\/strong><\/p>\n<p>&nbsp;<\/p>\n<p><em>Hinweise:<\/em><\/p>\n<p><em>Die Farbe wird beim Beschichtungsprozess in das Metall mit Hitze &#171;eingebrannt&#187;. Anschliessend kommt noch ein \u00dcberzug aus Klarlack dazu. Die Beschichtung ist absolut ungiftig f\u00fcr den Hund!<\/em><\/p>\n<p><em>Sie ist sehr robust jedoch nicht unverw\u00fcstlich. So kann es zu Abnutzungen der Farbe kommen z.B. wenn der Hund mit dem Maulkorb beim Schn\u00fcffeln \u00fcber Asphalt\/Steine reibt. Dies hat keinen Einfluss auf die Rostfreiheit und ist auch kein Grund zur Beanstandung &#8211; Maulk\u00f6rbe sind Gebrauchsgegenst\u00e4nde.<\/em><\/p>\n<p><em>Die Maulk\u00f6rbe werden nachtr\u00e4glich Pulverbeschichtet (von maulkrob-factory.de), daher sind die Riemen anschliessend neu angebarcht worden mit Buchschrauben. <span dir=\"ltr\" role=\"presentation\">Um ungewolltes \u00d6ffnen der Buchschrauben zu verhindern, empfehlen wir dringend, die Schrauben mit einem wasserfesten und f\u00fcr Metall geeigneten<\/span><\/em><br role=\"presentation\" \/><em><span dir=\"ltr\" role=\"presentation\">Kleber zu verkleben.<\/span> <span dir=\"ltr\" role=\"presentation\">F\u00fcr nicht verklebte Schrauben \u00fcbernehmen wir keine Haftung!<\/span><\/em><br role=\"presentation\" \/><em><span dir=\"ltr\" role=\"presentation\">Tropfe zum Verkleben vor dem Verschrauben einfach 1-2 kleine Tropfen in die hohle Mitte der Buchschraube, bevor Du sie verschliesst. Achte<\/span><\/em><br role=\"presentation\" \/><em><span dir=\"ltr\" role=\"presentation\">darauf, die Schraube schnell und vor allem gerade zuzudrehen! Ein paar Minuten trocknen lassen \u2013 fertig! Achtung: Ein erneutes \u00d6ffnen der<\/span><\/em><br role=\"presentation\" \/><span dir=\"ltr\" role=\"presentation\"><em>Schrauben und somit auch ein Verstellen der L\u00e4nge ist nach dem Verkleben nicht mehr m\u00f6glich<\/em>.<\/span><\/p>\n<p>&nbsp;<\/p>\n<\/div>\n<p><strong>Bist Du unsicher, welcher Maulkorb Deinem Hund passen k\u00f6nnte? &gt; <\/strong><a href=\"https:\/\/maulkorb-shop.ch\/index.php\/produkt\/auswahlpaket-maulkorb\/\"><strong>hier geht`s zum Auswahlpaket\u00a0<\/strong><\/a><\/p>\n<p>Hunde mit Maulkorb nicht unbeaufsichtig lassen und den Korb vor jeder Verwendung auf Defekte \u00fcberpr\u00fcfen.<\/p>\n","protected":false},"excerpt":{"rendered":"<p>CHOPO Sch\u00e4ferhund H\u00fcndin dreifarbig, genau der Korb wie abgebildet Riemen Biothane &nbsp; Drahtmaulkorb, pulverbeschichtet &nbsp; Masse innen (inkl. Nasenpolster), kleine Abweichungen sind herstellungsbedingt m\u00f6glich: L\u00e4nge: 11 cm Umfang: 39 cm &nbsp; Hinweise: Die Farbe wird beim Beschichtungsprozess in das Metall mit Hitze &#171;eingebrannt&#187;. Anschliessend kommt noch ein \u00dcberzug aus Klarlack dazu. Die Beschichtung ist absolut [&hellip;]<\/p>\n","protected":false},"featured_media":6849,"template":"","meta":{"site-sidebar-layout":"default","site-content-layout":"default","ast-site-content-layout":"default","site-content-style":"default","site-sidebar-style":"default","ast-global-header-display":"","ast-banner-title-visibility":"","ast-main-header-display":"","ast-hfb-above-header-display":"","ast-hfb-below-header-display":"","ast-hfb-mobile-header-display":"","site-post-title":"","ast-breadcrumbs-content":"","ast-featured-img":"","footer-sml-layout":"","ast-disable-related-posts":"","theme-transparent-header-meta":"default","adv-header-id-meta":"","stick-header-meta":"","header-above-stick-meta":"","header-main-stick-meta":"","header-below-stick-meta":"","astra-migrate-meta-layouts":"set","ast-page-background-enabled":"default","ast-page-background-meta":{"desktop":{"background-color":"var(--ast-global-color-4)","background-image":"","background-repeat":"repeat","background-position":"center center","background-size":"auto","background-attachment":"scroll","background-type":"","background-media":"","overlay-type":"","overlay-color":"","overlay-opacity":"","overlay-gradient":""},"tablet":{"background-color":"","background-image":"","background-repeat":"repeat","background-position":"center center","background-size":"auto","background-attachment":"scroll","background-type":"","background-media":"","overlay-type":"","overlay-color":"","overlay-opacity":"","overlay-gradient":""},"mobile":{"background-color":"","background-image":"","background-repeat":"repeat","background-position":"center center","background-size":"auto","background-attachment":"scroll","background-type":"","background-media":"","overlay-type":"","overlay-color":"","overlay-opacity":"","overlay-gradient":""}},"ast-content-background-meta":{"desktop":{"background-color":"var(--ast-global-color-5)","background-image":"","background-repeat":"repeat","background-position":"center center","background-size":"auto","background-attachment":"scroll","background-type":"","background-media":"","overlay-type":"","overlay-color":"","overlay-opacity":"","overlay-gradient":""},"tablet":{"background-color":"var(--ast-global-color-5)","background-image":"","background-repeat":"repeat","background-position":"center center","background-size":"auto","background-attachment":"scroll","background-type":"","background-media":"","overlay-type":"","overlay-color":"","overlay-opacity":"","overlay-gradient":""},"mobile":{"background-color":"var(--ast-global-color-5)","background-image":"","background-repeat":"repeat","background-position":"center center","background-size":"auto","background-attachment":"scroll","background-type":"","background-media":"","overlay-type":"","overlay-color":"","overlay-opacity":"","overlay-gradient":""}}},"product_brand":[],"product_cat":[91],"product_tag":[],"class_list":{"0":"post-6863","1":"product","2":"type-product","3":"status-publish","4":"has-post-thumbnail","6":"product_cat-sale","7":"product_shipping_class-paket","8":"desktop-align-left","9":"tablet-align-left","10":"mobile-align-left","11":"tm-no-options-pxq","13":"first","14":"instock","15":"sale","16":"featured","17":"taxable","18":"shipping-taxable","19":"purchasable","20":"product-type-simple"},"_links":{"self":[{"href":"https:\/\/maulkorb-shop.ch\/index.php\/wp-json\/wp\/v2\/product\/6863","targetHints":{"allow":["GET"]}}],"collection":[{"href":"https:\/\/maulkorb-shop.ch\/index.php\/wp-json\/wp\/v2\/product"}],"about":[{"href":"https:\/\/maulkorb-shop.ch\/index.php\/wp-json\/wp\/v2\/types\/product"}],"wp:featuredmedia":[{"embeddable":true,"href":"https:\/\/maulkorb-shop.ch\/index.php\/wp-json\/wp\/v2\/media\/6849"}],"wp:attachment":[{"href":"https:\/\/maulkorb-shop.ch\/index.php\/wp-json\/wp\/v2\/media?parent=6863"}],"wp:term":[{"taxonomy":"product_brand","embeddable":true,"href":"https:\/\/maulkorb-shop.ch\/index.php\/wp-json\/wp\/v2\/product_brand?post=6863"},{"taxonomy":"product_cat","embeddable":true,"href":"https:\/\/maulkorb-shop.ch\/index.php\/wp-json\/wp\/v2\/product_cat?post=6863"},{"taxonomy":"product_tag","embeddable":true,"href":"https:\/\/maulkorb-shop.ch\/index.php\/wp-json\/wp\/v2\/product_tag?post=6863"}],"curies":[{"name":"wp","href":"https:\/\/api.w.org\/{rel}","templated":true}]}}