{"id":662,"date":"2022-11-05T14:05:15","date_gmt":"2022-11-05T13:05:15","guid":{"rendered":"https:\/\/shop.unter-hunden.ch\/wordpress\/?post_type=product&#038;p=662"},"modified":"2026-04-22T09:18:07","modified_gmt":"2026-04-22T07:18:07","slug":"coursingmaulkorb-whippet-huendin","status":"publish","type":"product","link":"https:\/\/maulkorb-shop.ch\/index.php\/produkt\/coursingmaulkorb-whippet-huendin\/","title":{"rendered":"Whippet H\u00fcndin, diverse Farben"},"content":{"rendered":"<p>Kleiner und leichter Coursingmaulkorb.<\/p>\n<p>Stabiler Kunststoff (Nylon-Plastik) mit schwarzen Lederriemen.<\/p>\n<p>Kein Nasenpolster.<\/p>\n<p>&nbsp;<\/p>\n<p>Der Maulkorb ist durchgehend tief geschnitten und daher besonders f\u00fcr aktive Hunde und f\u00fcr sportliche Aktivit\u00e4ten geeignet.<\/p>\n<p>&nbsp;<\/p>\n<p><strong>Innenmasse:<\/strong><\/p>\n<p>L\u00e4nge: 7 cm<\/p>\n<p>Breite: 6 cm<\/p>\n<p>Tiefe: 9 cm<\/p>\n<p>Umfang: 23 cm<\/p>\n<p>L\u00e4nge der B\u00fcgel: 9 cm<\/p>\n<p>&nbsp;<\/p>\n<p>Die Variante &#171;H\u00fcndin&#187; hat ca. 2 cm k\u00fcrzere seitliche B\u00fcgel als der &#171;R\u00fcde&#187;. Alle anderen Masse der Coursingmaulk\u00f6rbe Whippet sind identisch!<\/p>\n<p>&nbsp;<\/p>\n<p>&nbsp;<\/p>\n<p>&nbsp;<\/p>\n<p><strong>Bist Du unsicher, welcher Maulkorb Deinem Hund passen k\u00f6nnte? &gt; <\/strong><a href=\"https:\/\/maulkorb-shop.ch\/index.php\/produkt\/auswahlpaket-maulkorb\/\"><strong>hier geht`s zum Auswahlpaket\u00a0<\/strong><\/a><\/p>\n<p>Hunde mit Maulkorb nicht unbeaufsichtig lassen und den Korb vor jeder Verwendung auf Defekte \u00fcberpr\u00fcfen.<\/p>\n","protected":false},"excerpt":{"rendered":"<p>L\u00e4nge : 7 cm<\/p>\n<p>Umfang: 23 cm<\/p>\n<p>&nbsp;<\/p>\n","protected":false},"featured_media":751,"template":"","meta":{"site-sidebar-layout":"default","site-content-layout":"default","ast-site-content-layout":"default","site-content-style":"default","site-sidebar-style":"default","ast-global-header-display":"","ast-banner-title-visibility":"","ast-main-header-display":"","ast-hfb-above-header-display":"","ast-hfb-below-header-display":"","ast-hfb-mobile-header-display":"","site-post-title":"","ast-breadcrumbs-content":"","ast-featured-img":"","footer-sml-layout":"","ast-disable-related-posts":"","theme-transparent-header-meta":"default","adv-header-id-meta":"","stick-header-meta":"","header-above-stick-meta":"","header-main-stick-meta":"","header-below-stick-meta":"","astra-migrate-meta-layouts":"set","ast-page-background-enabled":"default","ast-page-background-meta":{"desktop":{"background-color":"var(--ast-global-color-4)","background-image":"","background-repeat":"repeat","background-position":"center center","background-size":"auto","background-attachment":"scroll","background-type":"","background-media":"","overlay-type":"","overlay-color":"","overlay-opacity":"","overlay-gradient":""},"tablet":{"background-color":"","background-image":"","background-repeat":"repeat","background-position":"center center","background-size":"auto","background-attachment":"scroll","background-type":"","background-media":"","overlay-type":"","overlay-color":"","overlay-opacity":"","overlay-gradient":""},"mobile":{"background-color":"","background-image":"","background-repeat":"repeat","background-position":"center center","background-size":"auto","background-attachment":"scroll","background-type":"","background-media":"","overlay-type":"","overlay-color":"","overlay-opacity":"","overlay-gradient":""}},"ast-content-background-meta":{"desktop":{"background-color":"var(--ast-global-color-5)","background-image":"","background-repeat":"repeat","background-position":"center center","background-size":"auto","background-attachment":"scroll","background-type":"","background-media":"","overlay-type":"","overlay-color":"","overlay-opacity":"","overlay-gradient":""},"tablet":{"background-color":"var(--ast-global-color-5)","background-image":"","background-repeat":"repeat","background-position":"center center","background-size":"auto","background-attachment":"scroll","background-type":"","background-media":"","overlay-type":"","overlay-color":"","overlay-opacity":"","overlay-gradient":""},"mobile":{"background-color":"var(--ast-global-color-5)","background-image":"","background-repeat":"repeat","background-position":"center center","background-size":"auto","background-attachment":"scroll","background-type":"","background-media":"","overlay-type":"","overlay-color":"","overlay-opacity":"","overlay-gradient":""}}},"product_brand":[],"product_cat":[27],"product_tag":[60,59],"class_list":{"0":"post-662","1":"product","2":"type-product","3":"status-publish","4":"has-post-thumbnail","6":"product_cat-windhund-maulkoerbe","7":"product_tag-kunststoff","8":"product_tag-maulkorb","9":"product_shipping_class-paket","10":"desktop-align-left","11":"tablet-align-left","12":"mobile-align-left","13":"tm-no-options-pxq","15":"first","16":"instock","17":"taxable","18":"shipping-taxable","19":"purchasable","20":"product-type-variable"},"_links":{"self":[{"href":"https:\/\/maulkorb-shop.ch\/index.php\/wp-json\/wp\/v2\/product\/662","targetHints":{"allow":["GET"]}}],"collection":[{"href":"https:\/\/maulkorb-shop.ch\/index.php\/wp-json\/wp\/v2\/product"}],"about":[{"href":"https:\/\/maulkorb-shop.ch\/index.php\/wp-json\/wp\/v2\/types\/product"}],"wp:featuredmedia":[{"embeddable":true,"href":"https:\/\/maulkorb-shop.ch\/index.php\/wp-json\/wp\/v2\/media\/751"}],"wp:attachment":[{"href":"https:\/\/maulkorb-shop.ch\/index.php\/wp-json\/wp\/v2\/media?parent=662"}],"wp:term":[{"taxonomy":"product_brand","embeddable":true,"href":"https:\/\/maulkorb-shop.ch\/index.php\/wp-json\/wp\/v2\/product_brand?post=662"},{"taxonomy":"product_cat","embeddable":true,"href":"https:\/\/maulkorb-shop.ch\/index.php\/wp-json\/wp\/v2\/product_cat?post=662"},{"taxonomy":"product_tag","embeddable":true,"href":"https:\/\/maulkorb-shop.ch\/index.php\/wp-json\/wp\/v2\/product_tag?post=662"}],"curies":[{"name":"wp","href":"https:\/\/api.w.org\/{rel}","templated":true}]}}