{"id":5570,"date":"2025-06-09T14:40:47","date_gmt":"2025-06-09T12:40:47","guid":{"rendered":"https:\/\/maulkorb-shop.ch\/?post_type=product&#038;p=5570"},"modified":"2026-04-11T21:18:05","modified_gmt":"2026-04-11T19:18:05","slug":"unimon-american-bully-xxl","status":"publish","type":"product","link":"https:\/\/maulkorb-shop.ch\/index.php\/produkt\/unimon-american-bully-xxl\/","title":{"rendered":"Unimon American Bully XL"},"content":{"rendered":"<div class=\"tab-body active\">\n<h6>Unimon American Bully XL<\/h6>\n<p>Robuster Metallmaulkorb der Firma Unimon mit schwarzen Riemen und Nasenpolster aus Biothane-\u00e4hnlichem Material. Produziert in \u00d6sterreich.<\/p>\n<p>&nbsp;<\/p>\n<p>Etwas besonderes an diesem Modell ist, dass die B\u00fcgel hinten abgeschr\u00e4gt sind. Dadurch verl\u00e4uft der Nackenriemen in optimalem Winkel schr\u00e4g nach oben &#8211; also liegt an der schmalsten Stelle vom Hals an und verrutsch so weniger als bei anderen Modellen.<\/p>\n<p>&nbsp;<\/p>\n<p>Ohne Stirnriemen. MIT Kehlriemen (verstellbar mittels Buchschrauben).<\/p>\n<p><strong>Masse innen <\/strong>(inkl. Nasenpolster), kleine Abweichungen sind herstellungsbedingt m\u00f6glich<strong>:<\/strong><\/p>\n<p><strong>L\u00e4nge regul\u00e4r: ca. 9.6 cm<\/strong><\/p>\n<p><strong>Breite im Wangenbereich: 19 cm<\/strong><\/p>\n<p><strong>Umfang vorne: 53 cm<\/strong><\/p>\n<p><strong>Umfang im Bereich vom Nasenpolster: 48 cm<\/strong><\/p>\n<p><strong>Tiefe: 19 cm<\/strong><\/p>\n<p><em>Hinweise:<\/em><\/p>\n<p><em>Die Riemen sind mit Schraubnieten angebarcht worden. Bitte vor Gebrauch nochmal \u00fcberpr\u00fcfen, ob die Schrauben gut zu sind.\u00a0 <span dir=\"ltr\" role=\"presentation\">Um ungewolltes \u00d6ffnen der Buchschrauben zu verhindern, empfehlen wir dringend, die Schrauben mit einem wasserfesten und f\u00fcr Metall geeigneten <\/span><\/em><em><span dir=\"ltr\" role=\"presentation\">Kleber zu verkleben.<\/span> <span dir=\"ltr\" role=\"presentation\">F\u00fcr nicht verklebte Schrauben \u00fcbernehmen wir keine Haftung!<\/span><\/em><br role=\"presentation\" \/><em><span dir=\"ltr\" role=\"presentation\">Tropfe zum Verkleben vor dem Verschrauben einfach 1-2 kleine Tropfen in die hohle Mitte der Buchschraube, bevor Du sie verschliesst. Achte<\/span><\/em><br role=\"presentation\" \/><em><span dir=\"ltr\" role=\"presentation\">darauf, die Schraube schnell und vor allem gerade zuzudrehen! Ein paar Minuten trocknen lassen \u2013 fertig! Achtung: Ein erneutes \u00d6ffnen der<\/span><\/em><br role=\"presentation\" \/><span dir=\"ltr\" role=\"presentation\"><em>Schrauben ist nach dem Verkleben nicht mehr m\u00f6glich<\/em>.<\/span><\/p>\n<p>&nbsp;<\/p>\n<\/div>\n<p><strong>Bist Du unsicher, welcher Maulkorb Deinem Hund passen k\u00f6nnte? &gt; <\/strong><a href=\"https:\/\/maulkorb-shop.ch\/index.php\/produkt\/auswahlpaket-maulkorb\/\"><strong>hier geht`s zum Auswahlpaket\u00a0<\/strong><\/a><\/p>\n<p>Hunde mit Maulkorb nicht unbeaufsichtig lassen und den Korb vor jeder Verwendung auf Defekte \u00fcberpr\u00fcfen.<\/p>\n","protected":false},"excerpt":{"rendered":"<p>L\u00e4nge: 9.6 cm<\/p>\n<p>Umfang: 56 cm<\/p>\n","protected":false},"featured_media":5716,"template":"","meta":{"site-sidebar-layout":"default","site-content-layout":"default","ast-site-content-layout":"default","site-content-style":"default","site-sidebar-style":"default","ast-global-header-display":"","ast-banner-title-visibility":"","ast-main-header-display":"","ast-hfb-above-header-display":"","ast-hfb-below-header-display":"","ast-hfb-mobile-header-display":"","site-post-title":"","ast-breadcrumbs-content":"","ast-featured-img":"","footer-sml-layout":"","ast-disable-related-posts":"","theme-transparent-header-meta":"default","adv-header-id-meta":"","stick-header-meta":"","header-above-stick-meta":"","header-main-stick-meta":"","header-below-stick-meta":"","astra-migrate-meta-layouts":"set","ast-page-background-enabled":"default","ast-page-background-meta":{"desktop":{"background-color":"var(--ast-global-color-4)","background-image":"","background-repeat":"repeat","background-position":"center center","background-size":"auto","background-attachment":"scroll","background-type":"","background-media":"","overlay-type":"","overlay-color":"","overlay-opacity":"","overlay-gradient":""},"tablet":{"background-color":"","background-image":"","background-repeat":"repeat","background-position":"center center","background-size":"auto","background-attachment":"scroll","background-type":"","background-media":"","overlay-type":"","overlay-color":"","overlay-opacity":"","overlay-gradient":""},"mobile":{"background-color":"","background-image":"","background-repeat":"repeat","background-position":"center center","background-size":"auto","background-attachment":"scroll","background-type":"","background-media":"","overlay-type":"","overlay-color":"","overlay-opacity":"","overlay-gradient":""}},"ast-content-background-meta":{"desktop":{"background-color":"var(--ast-global-color-5)","background-image":"","background-repeat":"repeat","background-position":"center center","background-size":"auto","background-attachment":"scroll","background-type":"","background-media":"","overlay-type":"","overlay-color":"","overlay-opacity":"","overlay-gradient":""},"tablet":{"background-color":"var(--ast-global-color-5)","background-image":"","background-repeat":"repeat","background-position":"center center","background-size":"auto","background-attachment":"scroll","background-type":"","background-media":"","overlay-type":"","overlay-color":"","overlay-opacity":"","overlay-gradient":""},"mobile":{"background-color":"var(--ast-global-color-5)","background-image":"","background-repeat":"repeat","background-position":"center center","background-size":"auto","background-attachment":"scroll","background-type":"","background-media":"","overlay-type":"","overlay-color":"","overlay-opacity":"","overlay-gradient":""}}},"product_brand":[],"product_cat":[19],"product_tag":[212],"class_list":{"0":"post-5570","1":"product","2":"type-product","3":"status-publish","4":"has-post-thumbnail","6":"product_cat-diverse-gittermaulkoerbe","7":"product_tag-unimon","8":"product_shipping_class-paket","9":"desktop-align-left","10":"tablet-align-left","11":"mobile-align-left","12":"tm-no-options-pxq","14":"first","15":"instock","16":"featured","17":"taxable","18":"shipping-taxable","19":"purchasable","20":"product-type-simple"},"_links":{"self":[{"href":"https:\/\/maulkorb-shop.ch\/index.php\/wp-json\/wp\/v2\/product\/5570","targetHints":{"allow":["GET"]}}],"collection":[{"href":"https:\/\/maulkorb-shop.ch\/index.php\/wp-json\/wp\/v2\/product"}],"about":[{"href":"https:\/\/maulkorb-shop.ch\/index.php\/wp-json\/wp\/v2\/types\/product"}],"wp:featuredmedia":[{"embeddable":true,"href":"https:\/\/maulkorb-shop.ch\/index.php\/wp-json\/wp\/v2\/media\/5716"}],"wp:attachment":[{"href":"https:\/\/maulkorb-shop.ch\/index.php\/wp-json\/wp\/v2\/media?parent=5570"}],"wp:term":[{"taxonomy":"product_brand","embeddable":true,"href":"https:\/\/maulkorb-shop.ch\/index.php\/wp-json\/wp\/v2\/product_brand?post=5570"},{"taxonomy":"product_cat","embeddable":true,"href":"https:\/\/maulkorb-shop.ch\/index.php\/wp-json\/wp\/v2\/product_cat?post=5570"},{"taxonomy":"product_tag","embeddable":true,"href":"https:\/\/maulkorb-shop.ch\/index.php\/wp-json\/wp\/v2\/product_tag?post=5570"}],"curies":[{"name":"wp","href":"https:\/\/api.w.org\/{rel}","templated":true}]}}