{"id":5527,"date":"2025-06-03T20:02:08","date_gmt":"2025-06-03T18:02:08","guid":{"rendered":"https:\/\/maulkorb-shop.ch\/?post_type=product&#038;p=5527"},"modified":"2026-02-05T14:32:37","modified_gmt":"2026-02-05T13:32:37","slug":"pulverbeschichtung-zweifarbig","status":"publish","type":"product","link":"https:\/\/maulkorb-shop.ch\/index.php\/produkt\/pulverbeschichtung-zweifarbig\/","title":{"rendered":"Pulverbeschichtung 2-3 farbig"},"content":{"rendered":"<h4><strong>*<span style=\"color: #ff0000;\">Je<\/span><span style=\"color: #ff9900;\">t<\/span><span style=\"color: #ff6600;\">zt<\/span> <span style=\"color: #339966;\">wi<\/span><span style=\"color: #00ff00;\">rd<\/span><span style=\"color: #00ffff;\">s<\/span> <span style=\"color: #993366;\"><span style=\"color: #3366ff;\">b<\/span>u<\/span><span style=\"color: #ff0000;\">n<span style=\"color: #339966;\">t<\/span><\/span>*<\/strong><\/h4>\n<h4><strong>Pulverbeschichtung <span style=\"color: #ff0000;\">2 &#8211; 3 farbig <\/span>f\u00fcr Metall-\/Drahtmaulk\u00f6rbe<\/strong><\/h4>\n<p>&nbsp;<\/p>\n<p>Du kannst einen Maulkorb ganz nach Wunsch farbig beschichten lassen. (Hinweis: die Farben Galaxy und Liemette sind hier <strong>nicht<\/strong> m\u00f6glich)<\/p>\n<p>Die Pulverbeschichtung wird in das Metall eingebrannt. Sie ist ungifitg f\u00fcr den Hund und im Gewicht nicht sp\u00fcrbar. Trotzdem stabil und schlagfest (jedoch nicht ganz unzerst\u00f6rtbar &#8211; bei reiben \u00fcber Asphalt z.B. kann sich Farbe abnutzen.)<\/p>\n<p><strong>Was sind die Voraussetzungen:<\/strong><\/p>\n<p>&#8211; ein neuer oder gebrauchter Metallmaulkorb in silber (schwarz beschichtete CHOPO K\u00f6rbe sind NICHT m\u00f6glich!)<\/p>\n<p>&#8211; m\u00f6glich sind z.B. alle silbernen CHOPO Maulk\u00f6rbe, Ideal Drahtmaulk\u00f6rbe, Modelle von Maulkorb-Factory, Modelle Hobi\/Dancer\/Jack<\/p>\n<p>&#8211; Rost ist kein Problem<\/p>\n<p><strong>Ablauf<\/strong>:<\/p>\n<p>&#8211; entweder bestellst Du einen neuen Maulkorb im Shop und hier die Beschichtung dazu<\/p>\n<p>&#8211; oder Du schickst mir nach der Bestellung Deinen vorhandenen Korb zu (bitte mit Name\/Bestellnummer anschreiben)<\/p>\n<p>&#8211; wir machen den Korb bunt und schicken ihn Dir zur\u00fcck<\/p>\n<p>&#8211; die Riemen werden auf Wunsch wieder angebracht (oder du w\u00e4hlst ganz neue Riemen\/Polster dazu in passenden Farben)<\/p>\n<p>&nbsp;<\/p>\n<p>Hast Du Fragen oder m\u00f6chtest z.B. eine andere Farbe oder Deinen Maulkorb zweifarbig beschichtet haben? Dann melde Dich einfach: info(@)maulkorb-shop.ch<\/p>\n<p><span style=\"color: #ff0000;\">Die Bearbeitungszeit betr\u00e4gt ca. 2-3 Wochen.<\/span><\/p>\n<p><span style=\"color: #ff0000;\">Hinweis: bearbeitete Maulk\u00f6rbe sind Einzelanfertigungen und vom Umtausch ausgeschlossen.\u00a0Sei Dir also vorher sicher, dass das Modell passt!<\/span><\/p>\n<p>Wie oben beschrieben ist die Beschichtung stabil, jedoch nicht unzerst\u00f6rbar. Reiben \u00fcber Steine\/Asphalt kann zu Abplatzungen f\u00fchren, auch durch starkes zurechtbiegen kann dies passieren da die Oberfl\u00e4chenspannung sich \u00e4ndert. Farbabnutzung ist kein Reklamationsgrund &#8211; Maulk\u00f6rbe sind Gebrauchsgegenst\u00e4nde.<\/p>\n<p>&nbsp;<\/p>\n","protected":false},"excerpt":{"rendered":"<p>&#8211; Korb in Wunschfarbe beschichten<\/p>\n","protected":false},"featured_media":5541,"template":"","meta":{"site-sidebar-layout":"default","site-content-layout":"","ast-site-content-layout":"default","site-content-style":"default","site-sidebar-style":"default","ast-global-header-display":"","ast-banner-title-visibility":"","ast-main-header-display":"","ast-hfb-above-header-display":"","ast-hfb-below-header-display":"","ast-hfb-mobile-header-display":"","site-post-title":"","ast-breadcrumbs-content":"","ast-featured-img":"","footer-sml-layout":"","ast-disable-related-posts":"","theme-transparent-header-meta":"default","adv-header-id-meta":"","stick-header-meta":"","header-above-stick-meta":"","header-main-stick-meta":"","header-below-stick-meta":"","astra-migrate-meta-layouts":"set","ast-page-background-enabled":"default","ast-page-background-meta":{"desktop":{"background-color":"var(--ast-global-color-4)","background-image":"","background-repeat":"repeat","background-position":"center center","background-size":"auto","background-attachment":"scroll","background-type":"","background-media":"","overlay-type":"","overlay-color":"","overlay-opacity":"","overlay-gradient":""},"tablet":{"background-color":"","background-image":"","background-repeat":"repeat","background-position":"center center","background-size":"auto","background-attachment":"scroll","background-type":"","background-media":"","overlay-type":"","overlay-color":"","overlay-opacity":"","overlay-gradient":""},"mobile":{"background-color":"","background-image":"","background-repeat":"repeat","background-position":"center center","background-size":"auto","background-attachment":"scroll","background-type":"","background-media":"","overlay-type":"","overlay-color":"","overlay-opacity":"","overlay-gradient":""}},"ast-content-background-meta":{"desktop":{"background-color":"var(--ast-global-color-5)","background-image":"","background-repeat":"repeat","background-position":"center center","background-size":"auto","background-attachment":"scroll","background-type":"","background-media":"","overlay-type":"","overlay-color":"","overlay-opacity":"","overlay-gradient":""},"tablet":{"background-color":"var(--ast-global-color-5)","background-image":"","background-repeat":"repeat","background-position":"center center","background-size":"auto","background-attachment":"scroll","background-type":"","background-media":"","overlay-type":"","overlay-color":"","overlay-opacity":"","overlay-gradient":""},"mobile":{"background-color":"var(--ast-global-color-5)","background-image":"","background-repeat":"repeat","background-position":"center center","background-size":"auto","background-attachment":"scroll","background-type":"","background-media":"","overlay-type":"","overlay-color":"","overlay-opacity":"","overlay-gradient":""}}},"product_brand":[],"product_cat":[17,175],"product_tag":[],"class_list":{"0":"post-5527","1":"product","2":"type-product","3":"status-publish","4":"has-post-thumbnail","6":"product_cat-riemen","7":"product_cat-pulverbeschichtung","8":"product_shipping_class-paket","9":"desktop-align-left","10":"tablet-align-left","11":"mobile-align-left","12":"wcpa_has_options","13":"tm-no-options-pxq","15":"first","16":"instock","17":"taxable","18":"shipping-taxable","19":"purchasable","20":"product-type-simple"},"_links":{"self":[{"href":"https:\/\/maulkorb-shop.ch\/index.php\/wp-json\/wp\/v2\/product\/5527","targetHints":{"allow":["GET"]}}],"collection":[{"href":"https:\/\/maulkorb-shop.ch\/index.php\/wp-json\/wp\/v2\/product"}],"about":[{"href":"https:\/\/maulkorb-shop.ch\/index.php\/wp-json\/wp\/v2\/types\/product"}],"wp:featuredmedia":[{"embeddable":true,"href":"https:\/\/maulkorb-shop.ch\/index.php\/wp-json\/wp\/v2\/media\/5541"}],"wp:attachment":[{"href":"https:\/\/maulkorb-shop.ch\/index.php\/wp-json\/wp\/v2\/media?parent=5527"}],"wp:term":[{"taxonomy":"product_brand","embeddable":true,"href":"https:\/\/maulkorb-shop.ch\/index.php\/wp-json\/wp\/v2\/product_brand?post=5527"},{"taxonomy":"product_cat","embeddable":true,"href":"https:\/\/maulkorb-shop.ch\/index.php\/wp-json\/wp\/v2\/product_cat?post=5527"},{"taxonomy":"product_tag","embeddable":true,"href":"https:\/\/maulkorb-shop.ch\/index.php\/wp-json\/wp\/v2\/product_tag?post=5527"}],"curies":[{"name":"wp","href":"https:\/\/api.w.org\/{rel}","templated":true}]}}