{"id":4209,"date":"2024-09-13T09:20:39","date_gmt":"2024-09-13T07:20:39","guid":{"rendered":"https:\/\/maulkorb-shop.ch\/?post_type=product&#038;p=4209"},"modified":"2024-10-09T12:48:05","modified_gmt":"2024-10-09T10:48:05","slug":"ersatz-buchschrauben-2-stk","status":"publish","type":"product","link":"https:\/\/maulkorb-shop.ch\/index.php\/produkt\/ersatz-buchschrauben-2-stk\/","title":{"rendered":"Ersatz Buchschrauben, 2 Stk"},"content":{"rendered":"<h2>Ersatz Buchschrauben, 2 Stk<\/h2>\n<p>&nbsp;<\/p>\n<p>Bei manchen Maulk\u00f6rben sind die Riemen nicht genietet sondern mit Buchschrauben befestigt. Auch wnen man neue Riemen nachbestellt oder einen Kehlriemen zus\u00e4tzlich anbringt ist das so. Und diese Schrauben k\u00f6nnen sich schonmal l\u00f6sen. Wir empfehlen, die Schrauben zu verkleben damit das nicht passiert! Wenn man das jedoch vers\u00e4umt hat oder nicht m\u00f6chte (um einen Riemen ggf. leicht wechseln oder noch anpassen zu k\u00f6nnen) gibt es hier Ersatz:<\/p>\n<p>&#8211; Farbe silber oder schwarz lackiert<\/p>\n<p>&#8211; F\u00fcllh\u00f6he 5 mm (verwenden wir f\u00fcr Biothaneriemen, d\u00fcnne Lederriemen wie original CHOPO-Riemen, teilweise f\u00fcr Fettlederriemen &#8211; schliesst enger)<\/p>\n<p>&#8211; F\u00fcllh\u00f6he 7 mm (verwenden wir f\u00fcr Nasenpolster und Fettlederriemen)<\/p>\n<p>&nbsp;<\/p>\n","protected":false},"excerpt":{"rendered":"<p>&#8211; 2 Stk<\/p>\n<p>&#8211; silber oder schwarz<\/p>\n","protected":false},"featured_media":4218,"template":"","meta":{"site-sidebar-layout":"default","site-content-layout":"default","ast-site-content-layout":"default","site-content-style":"default","site-sidebar-style":"default","ast-global-header-display":"","ast-banner-title-visibility":"","ast-main-header-display":"","ast-hfb-above-header-display":"","ast-hfb-below-header-display":"","ast-hfb-mobile-header-display":"","site-post-title":"","ast-breadcrumbs-content":"","ast-featured-img":"","footer-sml-layout":"","ast-disable-related-posts":"","theme-transparent-header-meta":"default","adv-header-id-meta":"","stick-header-meta":"","header-above-stick-meta":"","header-main-stick-meta":"","header-below-stick-meta":"","astra-migrate-meta-layouts":"set","ast-page-background-enabled":"default","ast-page-background-meta":{"desktop":{"background-color":"var(--ast-global-color-4)","background-image":"","background-repeat":"repeat","background-position":"center center","background-size":"auto","background-attachment":"scroll","background-type":"","background-media":"","overlay-type":"","overlay-color":"","overlay-opacity":"","overlay-gradient":""},"tablet":{"background-color":"","background-image":"","background-repeat":"repeat","background-position":"center center","background-size":"auto","background-attachment":"scroll","background-type":"","background-media":"","overlay-type":"","overlay-color":"","overlay-opacity":"","overlay-gradient":""},"mobile":{"background-color":"","background-image":"","background-repeat":"repeat","background-position":"center center","background-size":"auto","background-attachment":"scroll","background-type":"","background-media":"","overlay-type":"","overlay-color":"","overlay-opacity":"","overlay-gradient":""}},"ast-content-background-meta":{"desktop":{"background-color":"var(--ast-global-color-5)","background-image":"","background-repeat":"repeat","background-position":"center center","background-size":"auto","background-attachment":"scroll","background-type":"","background-media":"","overlay-type":"","overlay-color":"","overlay-opacity":"","overlay-gradient":""},"tablet":{"background-color":"var(--ast-global-color-5)","background-image":"","background-repeat":"repeat","background-position":"center center","background-size":"auto","background-attachment":"scroll","background-type":"","background-media":"","overlay-type":"","overlay-color":"","overlay-opacity":"","overlay-gradient":""},"mobile":{"background-color":"var(--ast-global-color-5)","background-image":"","background-repeat":"repeat","background-position":"center center","background-size":"auto","background-attachment":"scroll","background-type":"","background-media":"","overlay-type":"","overlay-color":"","overlay-opacity":"","overlay-gradient":""}}},"product_brand":[],"product_cat":[15],"product_tag":[],"class_list":{"0":"post-4209","1":"product","2":"type-product","3":"status-publish","4":"has-post-thumbnail","6":"product_cat-zubehoer-riemen","7":"product_shipping_class-standardbrief-a-post","8":"desktop-align-left","9":"tablet-align-left","10":"mobile-align-left","11":"wcpa_has_options","12":"tm-no-options-pxq","14":"first","15":"instock","16":"taxable","17":"shipping-taxable","18":"purchasable","19":"product-type-simple"},"_links":{"self":[{"href":"https:\/\/maulkorb-shop.ch\/index.php\/wp-json\/wp\/v2\/product\/4209","targetHints":{"allow":["GET"]}}],"collection":[{"href":"https:\/\/maulkorb-shop.ch\/index.php\/wp-json\/wp\/v2\/product"}],"about":[{"href":"https:\/\/maulkorb-shop.ch\/index.php\/wp-json\/wp\/v2\/types\/product"}],"wp:featuredmedia":[{"embeddable":true,"href":"https:\/\/maulkorb-shop.ch\/index.php\/wp-json\/wp\/v2\/media\/4218"}],"wp:attachment":[{"href":"https:\/\/maulkorb-shop.ch\/index.php\/wp-json\/wp\/v2\/media?parent=4209"}],"wp:term":[{"taxonomy":"product_brand","embeddable":true,"href":"https:\/\/maulkorb-shop.ch\/index.php\/wp-json\/wp\/v2\/product_brand?post=4209"},{"taxonomy":"product_cat","embeddable":true,"href":"https:\/\/maulkorb-shop.ch\/index.php\/wp-json\/wp\/v2\/product_cat?post=4209"},{"taxonomy":"product_tag","embeddable":true,"href":"https:\/\/maulkorb-shop.ch\/index.php\/wp-json\/wp\/v2\/product_tag?post=4209"}],"curies":[{"name":"wp","href":"https:\/\/api.w.org\/{rel}","templated":true}]}}