{"id":4173,"date":"2024-09-06T15:13:01","date_gmt":"2024-09-06T13:13:01","guid":{"rendered":"https:\/\/maulkorb-shop.ch\/?post_type=product&#038;p=4173"},"modified":"2026-03-16T08:18:04","modified_gmt":"2026-03-16T07:18:04","slug":"kleiner-helfer-klettband","status":"publish","type":"product","link":"https:\/\/maulkorb-shop.ch\/index.php\/produkt\/kleiner-helfer-klettband\/","title":{"rendered":"Kleiner Helfer &#8211; Klettband"},"content":{"rendered":"<h2>Kleiner Helfer<\/h2>\n<p>Klettband beidseitig, 20 mm oder\u00a0 25 mm breit, 1 Stk.<\/p>\n<p>&nbsp;<\/p>\n<p>Du magst es simpel und praktisch? &#8211; Dann ist der kleine Helfer etwas f\u00fcr Dich: ein an sich selbst haftendes St\u00fcck Klettband.<\/p>\n<p>Z.B. verwendbar als zus\u00e4tzliche Sicherung des Maulkorbverschlussriemens an einem Halsband (wie der Halsbandverbinder). Es kann schnell angebracht werden da man es nur um Maulkorbriemen und Halsband legen muss und ebenso schnell wieder entfernt werden.<\/p>\n<p>Auch praktisch um den Maulkorb unten zus\u00e4tzlich am Halsband zu fixieren, um Rausschl\u00fcpfk\u00fcnstlern das Handwerk zu legen, die von unten mit der Pfote den Korb &#171;bearbeiten&#187;.<\/p>\n<p>Die Breite des Bandes betr\u00e4gt wahlweise\u00a0 20 mm oder\u00a0 25 mm. Die L\u00e4nge betr\u00e4gt 25 cm. L\u00e4nge 1 m ist zum selber zurechtschneiden mehrerer St\u00fccke gedacht. Bitte f\u00fcr guten Halt des Klettbandes mindestens 6 cm als \u00dcberlappung einrechnen.<\/p>\n<p><span style=\"color: #ff0000;\"><strong>Da dieser Artikel auf Mass f\u00fcr Dich gek\u00fcrzt wird kann er nicht retourniert werden.<\/strong><\/span><strong><br \/>\n<\/strong><\/p>\n","protected":false},"excerpt":{"rendered":"<p>&#8211; Klettband, schwarz<\/p>\n","protected":false},"featured_media":4177,"template":"","meta":{"site-sidebar-layout":"default","site-content-layout":"default","ast-site-content-layout":"default","site-content-style":"default","site-sidebar-style":"default","ast-global-header-display":"","ast-banner-title-visibility":"","ast-main-header-display":"","ast-hfb-above-header-display":"","ast-hfb-below-header-display":"","ast-hfb-mobile-header-display":"","site-post-title":"","ast-breadcrumbs-content":"","ast-featured-img":"","footer-sml-layout":"","ast-disable-related-posts":"","theme-transparent-header-meta":"default","adv-header-id-meta":"","stick-header-meta":"","header-above-stick-meta":"","header-main-stick-meta":"","header-below-stick-meta":"","astra-migrate-meta-layouts":"set","ast-page-background-enabled":"default","ast-page-background-meta":{"desktop":{"background-color":"var(--ast-global-color-4)","background-image":"","background-repeat":"repeat","background-position":"center center","background-size":"auto","background-attachment":"scroll","background-type":"","background-media":"","overlay-type":"","overlay-color":"","overlay-opacity":"","overlay-gradient":""},"tablet":{"background-color":"","background-image":"","background-repeat":"repeat","background-position":"center center","background-size":"auto","background-attachment":"scroll","background-type":"","background-media":"","overlay-type":"","overlay-color":"","overlay-opacity":"","overlay-gradient":""},"mobile":{"background-color":"","background-image":"","background-repeat":"repeat","background-position":"center center","background-size":"auto","background-attachment":"scroll","background-type":"","background-media":"","overlay-type":"","overlay-color":"","overlay-opacity":"","overlay-gradient":""}},"ast-content-background-meta":{"desktop":{"background-color":"var(--ast-global-color-5)","background-image":"","background-repeat":"repeat","background-position":"center center","background-size":"auto","background-attachment":"scroll","background-type":"","background-media":"","overlay-type":"","overlay-color":"","overlay-opacity":"","overlay-gradient":""},"tablet":{"background-color":"var(--ast-global-color-5)","background-image":"","background-repeat":"repeat","background-position":"center center","background-size":"auto","background-attachment":"scroll","background-type":"","background-media":"","overlay-type":"","overlay-color":"","overlay-opacity":"","overlay-gradient":""},"mobile":{"background-color":"var(--ast-global-color-5)","background-image":"","background-repeat":"repeat","background-position":"center center","background-size":"auto","background-attachment":"scroll","background-type":"","background-media":"","overlay-type":"","overlay-color":"","overlay-opacity":"","overlay-gradient":""}}},"product_brand":[],"product_cat":[17,173,15],"product_tag":[],"class_list":{"0":"post-4173","1":"product","2":"type-product","3":"status-publish","4":"has-post-thumbnail","6":"product_cat-riemen","7":"product_cat-riemen-riemen","8":"product_cat-zubehoer-riemen","9":"product_shipping_class-kleinsendung","10":"desktop-align-left","11":"tablet-align-left","12":"mobile-align-left","13":"tm-no-options-pxq","15":"first","16":"instock","17":"taxable","18":"shipping-taxable","19":"purchasable","20":"product-type-variable","21":"has-default-attributes"},"_links":{"self":[{"href":"https:\/\/maulkorb-shop.ch\/index.php\/wp-json\/wp\/v2\/product\/4173","targetHints":{"allow":["GET"]}}],"collection":[{"href":"https:\/\/maulkorb-shop.ch\/index.php\/wp-json\/wp\/v2\/product"}],"about":[{"href":"https:\/\/maulkorb-shop.ch\/index.php\/wp-json\/wp\/v2\/types\/product"}],"wp:featuredmedia":[{"embeddable":true,"href":"https:\/\/maulkorb-shop.ch\/index.php\/wp-json\/wp\/v2\/media\/4177"}],"wp:attachment":[{"href":"https:\/\/maulkorb-shop.ch\/index.php\/wp-json\/wp\/v2\/media?parent=4173"}],"wp:term":[{"taxonomy":"product_brand","embeddable":true,"href":"https:\/\/maulkorb-shop.ch\/index.php\/wp-json\/wp\/v2\/product_brand?post=4173"},{"taxonomy":"product_cat","embeddable":true,"href":"https:\/\/maulkorb-shop.ch\/index.php\/wp-json\/wp\/v2\/product_cat?post=4173"},{"taxonomy":"product_tag","embeddable":true,"href":"https:\/\/maulkorb-shop.ch\/index.php\/wp-json\/wp\/v2\/product_tag?post=4173"}],"curies":[{"name":"wp","href":"https:\/\/api.w.org\/{rel}","templated":true}]}}