{"id":398,"date":"2022-10-29T16:01:15","date_gmt":"2022-10-29T14:01:15","guid":{"rendered":"https:\/\/shop.unter-hunden.ch\/wordpress\/?post_type=product&#038;p=398"},"modified":"2026-04-21T09:18:06","modified_gmt":"2026-04-21T07:18:06","slug":"windhundmaulkorb-soft","status":"publish","type":"product","link":"https:\/\/maulkorb-shop.ch\/index.php\/produkt\/windhundmaulkorb-soft\/","title":{"rendered":"Windhundmaulkorb soft, diverse Farben"},"content":{"rendered":"<p>Besonders weicher und flexibler Maulkorb aus Kunststoff.<\/p>\n<p>Die Seitenteile passen sich besonders gut an die Kopfform des Hundes an.<\/p>\n<p>Die Maulk\u00f6rbe brechen nicht und k\u00f6nnen auch Minustemperaturen standhalten (das festere Modell &#171;Windhund standard&#187; kann bei Minustemperaturen br\u00fcchig werden)<\/p>\n<p>Das Maulkorbgitter ist im unteren Bereich geschlossen. Es gibt aber zwei kleine \u00d6ffnungen f\u00fcr die bessere Luftzirkulation.<\/p>\n<p>Der Maulkorb ist tief geschnitten, so dass die Hunde in diesem Maulkorb bequem hecheln k\u00f6nnen!<\/p>\n<p>&nbsp;<\/p>\n<p><strong>Maulkorbmasse innen (inkl. Nasenpolster):<br \/>\n<\/strong><\/p>\n<p><strong>Korbl\u00e4nge oben: 9 cm<\/strong><\/p>\n<p><strong>Korbl\u00e4nge unten: 14 cm<\/strong><\/p>\n<p><strong>Breite: 7 cm<\/strong><\/p>\n<p><strong>Tiefe: 12 cm<\/strong><\/p>\n<p><strong>Umfang: 32 cm<\/strong><\/p>\n<p><strong>L\u00e4nge der seitlichen B\u00fcgel: 12 cm<\/strong><\/p>\n<p>&nbsp;<\/p>\n<p>&nbsp;<\/p>\n<p><strong>Bist Du unsicher, welcher Maulkorb Deinem Hund passen k\u00f6nnte? &gt; <\/strong><a href=\"https:\/\/maulkorb-shop.ch\/index.php\/produkt\/auswahlpaket-maulkorb\/\"><strong>hier geht`s zum Auswahlpaket\u00a0<\/strong><\/a><\/p>\n<p>Hunde mit Maulkorb nicht unbeaufsichtig lassen und den Korb vor jeder Verwendung auf Defekte \u00fcberpr\u00fcfen.<\/p>\n","protected":false},"excerpt":{"rendered":"<p>L\u00e4nge : 9 cm<\/p>\n<p>Umfang: 32 cm<\/p>\n<p>&nbsp;<\/p>\n","protected":false},"featured_media":773,"template":"","meta":{"site-sidebar-layout":"default","site-content-layout":"default","ast-site-content-layout":"default","site-content-style":"default","site-sidebar-style":"default","ast-global-header-display":"","ast-banner-title-visibility":"","ast-main-header-display":"","ast-hfb-above-header-display":"","ast-hfb-below-header-display":"","ast-hfb-mobile-header-display":"","site-post-title":"","ast-breadcrumbs-content":"","ast-featured-img":"","footer-sml-layout":"","ast-disable-related-posts":"","theme-transparent-header-meta":"default","adv-header-id-meta":"","stick-header-meta":"","header-above-stick-meta":"","header-main-stick-meta":"","header-below-stick-meta":"","astra-migrate-meta-layouts":"set","ast-page-background-enabled":"default","ast-page-background-meta":{"desktop":{"background-color":"var(--ast-global-color-4)","background-image":"","background-repeat":"repeat","background-position":"center center","background-size":"auto","background-attachment":"scroll","background-type":"","background-media":"","overlay-type":"","overlay-color":"","overlay-opacity":"","overlay-gradient":""},"tablet":{"background-color":"","background-image":"","background-repeat":"repeat","background-position":"center center","background-size":"auto","background-attachment":"scroll","background-type":"","background-media":"","overlay-type":"","overlay-color":"","overlay-opacity":"","overlay-gradient":""},"mobile":{"background-color":"","background-image":"","background-repeat":"repeat","background-position":"center center","background-size":"auto","background-attachment":"scroll","background-type":"","background-media":"","overlay-type":"","overlay-color":"","overlay-opacity":"","overlay-gradient":""}},"ast-content-background-meta":{"desktop":{"background-color":"var(--ast-global-color-5)","background-image":"","background-repeat":"repeat","background-position":"center center","background-size":"auto","background-attachment":"scroll","background-type":"","background-media":"","overlay-type":"","overlay-color":"","overlay-opacity":"","overlay-gradient":""},"tablet":{"background-color":"var(--ast-global-color-5)","background-image":"","background-repeat":"repeat","background-position":"center center","background-size":"auto","background-attachment":"scroll","background-type":"","background-media":"","overlay-type":"","overlay-color":"","overlay-opacity":"","overlay-gradient":""},"mobile":{"background-color":"var(--ast-global-color-5)","background-image":"","background-repeat":"repeat","background-position":"center center","background-size":"auto","background-attachment":"scroll","background-type":"","background-media":"","overlay-type":"","overlay-color":"","overlay-opacity":"","overlay-gradient":""}}},"product_brand":[],"product_cat":[27],"product_tag":[60,59],"class_list":{"0":"post-398","1":"product","2":"type-product","3":"status-publish","4":"has-post-thumbnail","6":"product_cat-windhund-maulkoerbe","7":"product_tag-kunststoff","8":"product_tag-maulkorb","9":"product_shipping_class-paket","10":"desktop-align-left","11":"tablet-align-left","12":"mobile-align-left","13":"tm-no-options-pxq","15":"first","16":"instock","17":"featured","18":"taxable","19":"shipping-taxable","20":"purchasable","21":"product-type-variable"},"_links":{"self":[{"href":"https:\/\/maulkorb-shop.ch\/index.php\/wp-json\/wp\/v2\/product\/398","targetHints":{"allow":["GET"]}}],"collection":[{"href":"https:\/\/maulkorb-shop.ch\/index.php\/wp-json\/wp\/v2\/product"}],"about":[{"href":"https:\/\/maulkorb-shop.ch\/index.php\/wp-json\/wp\/v2\/types\/product"}],"wp:featuredmedia":[{"embeddable":true,"href":"https:\/\/maulkorb-shop.ch\/index.php\/wp-json\/wp\/v2\/media\/773"}],"wp:attachment":[{"href":"https:\/\/maulkorb-shop.ch\/index.php\/wp-json\/wp\/v2\/media?parent=398"}],"wp:term":[{"taxonomy":"product_brand","embeddable":true,"href":"https:\/\/maulkorb-shop.ch\/index.php\/wp-json\/wp\/v2\/product_brand?post=398"},{"taxonomy":"product_cat","embeddable":true,"href":"https:\/\/maulkorb-shop.ch\/index.php\/wp-json\/wp\/v2\/product_cat?post=398"},{"taxonomy":"product_tag","embeddable":true,"href":"https:\/\/maulkorb-shop.ch\/index.php\/wp-json\/wp\/v2\/product_tag?post=398"}],"curies":[{"name":"wp","href":"https:\/\/api.w.org\/{rel}","templated":true}]}}