{"id":2761,"date":"2023-11-14T11:50:51","date_gmt":"2023-11-14T10:50:51","guid":{"rendered":"https:\/\/maulkorb-shop.ch\/?post_type=product&#038;p=2761"},"modified":"2025-09-05T10:19:13","modified_gmt":"2025-09-05T08:19:13","slug":"neoprenpolster","status":"publish","type":"product","link":"https:\/\/maulkorb-shop.ch\/index.php\/produkt\/neoprenpolster\/","title":{"rendered":"Neoprenschoner"},"content":{"rendered":"<h3><strong>Neoprenschoner<\/strong> (f\u00fcr CHOPO Maulk\u00f6rbe und Windhundmodelle- bei anderen Maulkorbmodellen bitte vorher anfragen, ob es m\u00f6glich ist)<\/h3>\n<p>Die Neoprenschoner sind dazu gedacht, Scheuerstellen zu minimieren. Es gibt sie in verschiedenen Varianten:<\/p>\n<p>&#8211; <strong>Nasenpolster<\/strong>: anstatt dem originalen Nasenpolster. Diese Variante ummantelt nur oben mittig das Gitter des Korbes. ACHTUNG bei u.a. CHOPO K\u00f6rben ist der Maulkorb mit diesem Polster k\u00fcrzer als mit originalem Polster!<\/p>\n<p>&#8211; <strong>B\u00fcgelpolster<\/strong> : diese bedecken die B\u00fcgel rechts und links und werden zus\u00e4tzlich zum Nasenpolster angebracht<\/p>\n<p>&nbsp;<\/p>\n<p>Die Schoner bestehen aus Neopren sind feuchtigkeitsunempfindlich, waschbar und mittels der Druckkn\u00f6pfe leicht zu (de-) montieren.<\/p>\n<p>Waschen bitte bei max 30 Grad und an der Luft trocknen lassen.<\/p>\n<p>Weitere Farben und Bilder folgen \ud83d\ude42<\/p>\n<p>&nbsp;<\/p>\n<p><span style=\"color: #0000ff;\"><strong><span style=\"color: #ff0000;\">Da dieser Artikel auf Bestellung\u00a0 f\u00fcr Dich angefertigt wird kann er nicht retourniert werden.<\/span><br \/>\n<span style=\"color: #000000;\">Lieferfrist ca. 1 Woche.<\/span><\/strong><\/span><\/p>\n","protected":false},"excerpt":{"rendered":"<p>&#8211; Neoprenpolsterung<\/p>\n<p>&#8211; waschbar<\/p>\n","protected":false},"featured_media":2768,"template":"","meta":{"site-sidebar-layout":"default","site-content-layout":"","ast-site-content-layout":"default","site-content-style":"default","site-sidebar-style":"default","ast-global-header-display":"","ast-banner-title-visibility":"","ast-main-header-display":"","ast-hfb-above-header-display":"","ast-hfb-below-header-display":"","ast-hfb-mobile-header-display":"","site-post-title":"","ast-breadcrumbs-content":"","ast-featured-img":"","footer-sml-layout":"","ast-disable-related-posts":"","theme-transparent-header-meta":"default","adv-header-id-meta":"","stick-header-meta":"","header-above-stick-meta":"","header-main-stick-meta":"","header-below-stick-meta":"","astra-migrate-meta-layouts":"set","ast-page-background-enabled":"default","ast-page-background-meta":{"desktop":{"background-color":"var(--ast-global-color-4)","background-image":"","background-repeat":"repeat","background-position":"center center","background-size":"auto","background-attachment":"scroll","background-type":"","background-media":"","overlay-type":"","overlay-color":"","overlay-opacity":"","overlay-gradient":""},"tablet":{"background-color":"","background-image":"","background-repeat":"repeat","background-position":"center center","background-size":"auto","background-attachment":"scroll","background-type":"","background-media":"","overlay-type":"","overlay-color":"","overlay-opacity":"","overlay-gradient":""},"mobile":{"background-color":"","background-image":"","background-repeat":"repeat","background-position":"center center","background-size":"auto","background-attachment":"scroll","background-type":"","background-media":"","overlay-type":"","overlay-color":"","overlay-opacity":"","overlay-gradient":""}},"ast-content-background-meta":{"desktop":{"background-color":"var(--ast-global-color-5)","background-image":"","background-repeat":"repeat","background-position":"center center","background-size":"auto","background-attachment":"scroll","background-type":"","background-media":"","overlay-type":"","overlay-color":"","overlay-opacity":"","overlay-gradient":""},"tablet":{"background-color":"var(--ast-global-color-5)","background-image":"","background-repeat":"repeat","background-position":"center center","background-size":"auto","background-attachment":"scroll","background-type":"","background-media":"","overlay-type":"","overlay-color":"","overlay-opacity":"","overlay-gradient":""},"mobile":{"background-color":"var(--ast-global-color-5)","background-image":"","background-repeat":"repeat","background-position":"center center","background-size":"auto","background-attachment":"scroll","background-type":"","background-media":"","overlay-type":"","overlay-color":"","overlay-opacity":"","overlay-gradient":""}}},"product_brand":[],"product_cat":[174],"product_tag":[128,125,126,127],"class_list":{"0":"post-2761","1":"product","2":"type-product","3":"status-publish","4":"has-post-thumbnail","6":"product_cat-nasenpolster","7":"product_tag-nasenpolster","8":"product_tag-neopren","9":"product_tag-polster","10":"product_tag-schoner","11":"product_shipping_class-kleinsendung","12":"desktop-align-left","13":"tablet-align-left","14":"mobile-align-left","15":"wcpa_has_options","16":"tm-no-options-pxq","18":"first","19":"instock","20":"featured","21":"taxable","22":"shipping-taxable","23":"purchasable","24":"product-type-variable","25":"has-default-attributes"},"_links":{"self":[{"href":"https:\/\/maulkorb-shop.ch\/index.php\/wp-json\/wp\/v2\/product\/2761","targetHints":{"allow":["GET"]}}],"collection":[{"href":"https:\/\/maulkorb-shop.ch\/index.php\/wp-json\/wp\/v2\/product"}],"about":[{"href":"https:\/\/maulkorb-shop.ch\/index.php\/wp-json\/wp\/v2\/types\/product"}],"wp:featuredmedia":[{"embeddable":true,"href":"https:\/\/maulkorb-shop.ch\/index.php\/wp-json\/wp\/v2\/media\/2768"}],"wp:attachment":[{"href":"https:\/\/maulkorb-shop.ch\/index.php\/wp-json\/wp\/v2\/media?parent=2761"}],"wp:term":[{"taxonomy":"product_brand","embeddable":true,"href":"https:\/\/maulkorb-shop.ch\/index.php\/wp-json\/wp\/v2\/product_brand?post=2761"},{"taxonomy":"product_cat","embeddable":true,"href":"https:\/\/maulkorb-shop.ch\/index.php\/wp-json\/wp\/v2\/product_cat?post=2761"},{"taxonomy":"product_tag","embeddable":true,"href":"https:\/\/maulkorb-shop.ch\/index.php\/wp-json\/wp\/v2\/product_tag?post=2761"}],"curies":[{"name":"wp","href":"https:\/\/api.w.org\/{rel}","templated":true}]}}