{"id":1835,"date":"2023-05-19T14:35:15","date_gmt":"2023-05-19T12:35:15","guid":{"rendered":"https:\/\/maulkorb-shop.ch\/?post_type=product&#038;p=1835"},"modified":"2025-10-22T16:53:33","modified_gmt":"2025-10-22T14:53:33","slug":"nasenauflage-biothane","status":"publish","type":"product","link":"https:\/\/maulkorb-shop.ch\/index.php\/produkt\/nasenauflage-biothane\/","title":{"rendered":"Nasenauflage"},"content":{"rendered":"<h6>Nasenauflage\u00a0<em><span style=\"color: #ff0000;\">(bitte beachten: der Maulkorb muss daf\u00fcr eingeschickt werden!)<\/span><\/em><\/h6>\n<p><span style=\"color: #ff0000;\"><em>\u00a0<\/em><\/span><\/p>\n<p>Die<strong>se Nasenauflage wird der Original CHOPO-Auflage nachempfunden und an beiden Seiten mit je 2 Befestigungslaschen erstellt. Auch Sonderw\u00fcnsche in Breite oder Form (z.B. um die Augen ausgeschnitten) sind auf Anfrage m\u00f6glich.<\/strong><\/p>\n<p>Um das Polster gut anzupassen muss der Maulkorb eingeschickt werden. Denn nur so ist ein korrekter Sitz des Polsters hin zu bekommen.<\/p>\n<p>&nbsp;<\/p>\n<p>Momentan sind Auflagen f\u00fcr alle CHOPO Maulk\u00f6rbe m\u00f6glich. F\u00fcr andere Modelle bitte vorher Kontakt aufnehemen um abzukl\u00e4ren, ob es geht.<\/p>\n<p>&#8211; Biothane oder Fettleder in Wunschfarbe<\/p>\n<p>&#8211; Befestigungschrauben wahlweise in Edelstahl oder Stahl, schwarz lackiert<\/p>\n<p>&#8211; Die Form des Polster kann je nach Maulkorbmodell unterschiedlich ausfallen<\/p>\n<p>&#8211; das Polster kann in unterschiedlichen breiten angefertigt werden und den Maulkorb somit auch leicht verl\u00e4ngern oder verk\u00fcrzen &#8211; bitte eine Notiz beif\u00fcgen, wenn das Polster von der Originall\u00e4nge abweichen soll<\/p>\n<p>&nbsp;<\/p>\n<p>Du kannst die Nasenauflage zu einem neuen Modell direkt dazu bestellen, dann wird alles fixfertig montiert geliefert, in dem Fall bitte einen Hinweis schreiben dass wir\u00a0 das Polster direkt anbringen sollen (bitte beachte, dass der Maulkorb dann eine Sonderanfertigung darstellt und vom Umtausch ausgeschlossen ist).<\/p>\n<p>Oder Du sendest mir den Maulkorb Deines Hundes zu damit das neue Polster montiert werden kann. Das ist n\u00f6tig, damit das Polster wirklich gut sitzt. Jeder Metallmaulkorb ist Handarbeit und es hat sich gezeigt, dass geringe Abweichungen bestehen auch innerhalb des selben Modells und es daher eine genaue Einzelanfertigung braucht.<\/p>\n<p><strong>Bei der Bestellung werden die Versandkosten f\u00fcr den R\u00fcckversand des Maulkorbes bereits mitberechnet. Der Maulkorb muss zur Bearbeitung auf eigene Kosten eingesandt werden. Bitte lege einen Zettel bei mit Deinem Namen zur eindeutigen Zuordnung.<\/strong><\/p>\n<p><em>Die Darstellung der Farben auf\u00a0 Deinem Monitor kann abweichen und ist nicht verbindlich. <strong><span style=\"color: #ff0000;\">Da dieser Artikel auf Bestellung\u00a0 f\u00fcr Dich angefertigt wird kann er nicht retourniert werden<\/span>.<\/strong> Die Bearbeitungszeit sobald der Maulkorb vorliegt betr\u00e4gt ca. 1 Woche.<\/em><\/p>\n","protected":false},"excerpt":{"rendered":"<p><span style=\"color: #ff0000;\"><strong>Hinweis: Einsendung des Korbes n\u00f6tig!<\/strong><\/span><\/p>\n<p>&#8211; in Wunschfarbe<\/p>\n<p>Fettleder oder Biothane<\/p>\n<p>&nbsp;<\/p>\n","protected":false},"featured_media":3802,"template":"","meta":{"site-sidebar-layout":"default","site-content-layout":"default","ast-site-content-layout":"default","site-content-style":"default","site-sidebar-style":"default","ast-global-header-display":"","ast-banner-title-visibility":"","ast-main-header-display":"","ast-hfb-above-header-display":"","ast-hfb-below-header-display":"","ast-hfb-mobile-header-display":"","site-post-title":"","ast-breadcrumbs-content":"","ast-featured-img":"","footer-sml-layout":"","ast-disable-related-posts":"","theme-transparent-header-meta":"default","adv-header-id-meta":"","stick-header-meta":"","header-above-stick-meta":"","header-main-stick-meta":"","header-below-stick-meta":"","astra-migrate-meta-layouts":"set","ast-page-background-enabled":"default","ast-page-background-meta":{"desktop":{"background-color":"var(--ast-global-color-4)","background-image":"","background-repeat":"repeat","background-position":"center center","background-size":"auto","background-attachment":"scroll","background-type":"","background-media":"","overlay-type":"","overlay-color":"","overlay-opacity":"","overlay-gradient":""},"tablet":{"background-color":"","background-image":"","background-repeat":"repeat","background-position":"center center","background-size":"auto","background-attachment":"scroll","background-type":"","background-media":"","overlay-type":"","overlay-color":"","overlay-opacity":"","overlay-gradient":""},"mobile":{"background-color":"","background-image":"","background-repeat":"repeat","background-position":"center center","background-size":"auto","background-attachment":"scroll","background-type":"","background-media":"","overlay-type":"","overlay-color":"","overlay-opacity":"","overlay-gradient":""}},"ast-content-background-meta":{"desktop":{"background-color":"var(--ast-global-color-5)","background-image":"","background-repeat":"repeat","background-position":"center center","background-size":"auto","background-attachment":"scroll","background-type":"","background-media":"","overlay-type":"","overlay-color":"","overlay-opacity":"","overlay-gradient":""},"tablet":{"background-color":"var(--ast-global-color-5)","background-image":"","background-repeat":"repeat","background-position":"center center","background-size":"auto","background-attachment":"scroll","background-type":"","background-media":"","overlay-type":"","overlay-color":"","overlay-opacity":"","overlay-gradient":""},"mobile":{"background-color":"var(--ast-global-color-5)","background-image":"","background-repeat":"repeat","background-position":"center center","background-size":"auto","background-attachment":"scroll","background-type":"","background-media":"","overlay-type":"","overlay-color":"","overlay-opacity":"","overlay-gradient":""}}},"product_brand":[],"product_cat":[17,174],"product_tag":[],"class_list":{"0":"post-1835","1":"product","2":"type-product","3":"status-publish","4":"has-post-thumbnail","6":"product_cat-riemen","7":"product_cat-nasenpolster","8":"product_shipping_class-paket","9":"desktop-align-left","10":"tablet-align-left","11":"mobile-align-left","12":"tm-has-options","14":"first","15":"instock","16":"taxable","17":"shipping-taxable","18":"purchasable","19":"product-type-simple"},"_links":{"self":[{"href":"https:\/\/maulkorb-shop.ch\/index.php\/wp-json\/wp\/v2\/product\/1835","targetHints":{"allow":["GET"]}}],"collection":[{"href":"https:\/\/maulkorb-shop.ch\/index.php\/wp-json\/wp\/v2\/product"}],"about":[{"href":"https:\/\/maulkorb-shop.ch\/index.php\/wp-json\/wp\/v2\/types\/product"}],"wp:featuredmedia":[{"embeddable":true,"href":"https:\/\/maulkorb-shop.ch\/index.php\/wp-json\/wp\/v2\/media\/3802"}],"wp:attachment":[{"href":"https:\/\/maulkorb-shop.ch\/index.php\/wp-json\/wp\/v2\/media?parent=1835"}],"wp:term":[{"taxonomy":"product_brand","embeddable":true,"href":"https:\/\/maulkorb-shop.ch\/index.php\/wp-json\/wp\/v2\/product_brand?post=1835"},{"taxonomy":"product_cat","embeddable":true,"href":"https:\/\/maulkorb-shop.ch\/index.php\/wp-json\/wp\/v2\/product_cat?post=1835"},{"taxonomy":"product_tag","embeddable":true,"href":"https:\/\/maulkorb-shop.ch\/index.php\/wp-json\/wp\/v2\/product_tag?post=1835"}],"curies":[{"name":"wp","href":"https:\/\/api.w.org\/{rel}","templated":true}]}}