{"id":428,"date":"2022-10-30T07:41:23","date_gmt":"2022-10-30T06:41:23","guid":{"rendered":"https:\/\/shop.unter-hunden.ch\/wordpress\/?page_id=428"},"modified":"2023-09-01T09:57:52","modified_gmt":"2023-09-01T07:57:52","slug":"allgemeine-geschaeftsbedingungen","status":"publish","type":"page","link":"https:\/\/maulkorb-shop.ch\/index.php\/allgemeine-geschaeftsbedingungen\/","title":{"rendered":"Allgemeine Gesch\u00e4ftsbedingungen"},"content":{"rendered":"\n<h2 class=\"wp-block-heading\">Inhaltsverzeichnis<\/h2>\n\n\n\n<ol class=\"wp-block-list\">\n<li>Geltungsbereich<\/li>\n\n\n\n<li>Vertragsschluss<\/li>\n\n\n\n<li>Widerrufsrecht<\/li>\n\n\n\n<li>Preise und Zahlungsbedingungen<\/li>\n\n\n\n<li>Liefer- und Versandbedingungen<\/li>\n\n\n\n<li>M\u00e4ngelhaftung<\/li>\n\n\n\n<li>Anwendbares Recht, Gerichtsstand<\/li>\n<\/ol>\n\n\n\n<h2 class=\"wp-block-heading\">1) Geltungsbereich<\/h2>\n\n\n\n<p><strong>1.1<\/strong>\u2009Diese Gesch\u00e4ftsbedingungen der Lina Annen, handelnd unter &#171;maulkorb-shop.ch&#187; (nachfolgend &#171;Verk\u00e4ufer&#187;), gelten f\u00fcr alle Vertr\u00e4ge, die ein Konsument oder Unternehmer (nachfolgend &#171;Kunde&#187;) mit dem Verk\u00e4ufer hinsichtlich der vom Verk\u00e4ufer in seinem Online-Shop dargestellten Waren und\/oder Leistungen abschliesst. Hiermit wird der Einbeziehung von eigenen Bedingungen des Kunden widersprochen, es sei denn, es ist etwas anderes vereinbart.<\/p>\n\n\n\n<p><strong>1.2<\/strong>\u2009Ein Konsument im Sinne dieser Allgemeinen Gesch\u00e4ftsbedingungen ist jede nat\u00fcrliche Person, die ein Rechtsgesch\u00e4ft zu einem Zweck abschliesst, der weder ihrer gewerblichen noch ihrer selbstst\u00e4ndigen beruflichen T\u00e4tigkeit zugerechnet werden kann. Ein Unternehmer im Sinne dieser Allgemeinen Gesch\u00e4ftsbedingungen ist jede nat\u00fcrliche oder juristische Person oder eine rechtsf\u00e4hige Personengesellschaft, die bei Abschluss eines Rechtsgesch\u00e4fts in Aus\u00fcbung ihrer selbstst\u00e4ndigen beruflichen oder gewerblichen T\u00e4tigkeit handelt.<\/p>\n\n\n\n<h2 class=\"wp-block-heading\">2) Vertragsschluss<\/h2>\n\n\n\n<p><strong>2.1<\/strong>\u2009Die im Online-Shop des Verk\u00e4ufers enthaltenen Produktbeschreibungen stellen keine verbindlichen Angebote seitens des Verk\u00e4ufers dar, sondern dienen zur Abgabe eines verbindlichen Angebots durch den Kunden.<\/p>\n\n\n\n<p><strong>2.2<\/strong>\u2009Der Kunde kann das Angebot \u00fcber das im Online-Shop des Verk\u00e4ufers integrierte Online-Bestellformular abgeben. Dabei gibt der Kunde nach Eingabe seiner pers\u00f6nlichen Daten durch Klicken des den Bestellvorgang abschliessenden Buttons ein rechtlich verbindliches Vertragsangebot in Bezug auf die im Warenkorb enthaltenen Waren und\/oder Leistungen ab.<\/p>\n\n\n\n<p><strong>2.3<\/strong>\u2009Der Verk\u00e4ufer kann das Angebot des Kunden innerhalb von f\u00fcnf Tagen annehmen,<\/p>\n\n\n\n<ul class=\"wp-block-list\">\n<li>indem er dem Kunden eine schriftliche Auftragsbest\u00e4tigung oder eine Auftragsbest\u00e4tigung in Textform (Fax oder E-Mail) \u00fcbermittelt, wobei insoweit der Zugang der Auftragsbest\u00e4tigung beim Kunden massgeblich ist, oder<\/li>\n\n\n\n<li>indem er dem Kunden die bestellte Ware liefert, wobei insoweit der Zugang der Ware beim Kunden massgeblich ist, oder<\/li>\n\n\n\n<li>indem er den Kunden nach Abgabe von dessen Bestellung zur Zahlung auffordert.<\/li>\n<\/ul>\n\n\n\n<p>Liegen mehrere der vorgenannten Alternativen vor, kommt der Vertrag in dem Zeitpunkt zustande, in dem eine der vorgenannten Alternativen zuerst eintritt. Nimmt der Verk\u00e4ufer das Angebot des Kunden innerhalb vorgenannter Frist nicht an, so gilt dies als Ablehnung des Angebots mit der Folge, dass der Kunde nicht mehr an seine Willenserkl\u00e4rung gebunden ist.<\/p>\n\n\n\n<p><strong>2.4<\/strong>\u2009Die Frist zur Annahme des Angebots beginnt am Tag nach der Absendung des Angebots durch den Kunden zu laufen und endet mit dem Ablauf des f\u00fcnften Tages, welcher auf die Absendung des Angebots folgt.<\/p>\n\n\n\n<p><strong>2.5<\/strong>\u2009Bei der Abgabe eines Angebots \u00fcber das Online-Bestellformular des Verk\u00e4ufers wird der Vertragstext vom Verk\u00e4ufer gespeichert und dem Kunden nach Absendung seiner Bestellung nebst den vorliegenden AGB in Textform (z. B. E-Mail, Fax oder Brief) zugeschickt. Zus\u00e4tzlich wird der Vertragstext auf der Internetseite des Verk\u00e4ufers archiviert und kann vom Kunden \u00fcber sein passwortgesch\u00fctztes Kundenkonto unter Angabe der entsprechenden Login-Daten kostenlos abgerufen werden, sofern der Kunde vor Absendung seiner Bestellung ein Kundenkonto im Online-Shop des Verk\u00e4ufers angelegt hat.<\/p>\n\n\n\n<p><strong>2.6<\/strong>\u2009Vor verbindlicher Abgabe der Bestellung \u00fcber das Online-Bestellformular des Verk\u00e4ufers kann der Kunde seine Eingaben laufend \u00fcber die \u00fcblichen Tastatur- und Mausfunktionen korrigieren. Dar\u00fcber hinaus werden alle Eingaben vor der verbindlichen Abgabe der Bestellung noch einmal in einem Best\u00e4tigungsfenster angezeigt und k\u00f6nnen auch dort mittels der \u00fcblichen Tastatur- und Mausfunktionen korrigiert werden.<\/p>\n\n\n\n<p><strong>2.7<\/strong>\u2009F\u00fcr den Vertragsschluss steht die deutsche Sprache zur Verf\u00fcgung.<\/p>\n\n\n\n<p><strong>2.8<\/strong>\u2009Die Bestellabwicklung und Kontaktaufnahme finden per E-Mail und automatisierter Bestellabwicklung statt. Der Kunde hat sicherzustellen, dass die von ihm zur Bestellabwicklung angegebene E-Mail-Adresse zutreffend ist, so dass unter dieser Adresse die vom Verk\u00e4ufer versandten E-Mails empfangen werden k\u00f6nnen. Insbesondere hat der Kunde bei dem Einsatz von SPAM-Filtern sicherzustellen, dass alle vom Verk\u00e4ufer oder von diesem mit der Bestellabwicklung beauftragten Dritten versandten E-Mails zugestellt werden k\u00f6nnen.<\/p>\n\n\n\n<h2 class=\"wp-block-heading\">3) Widerrufsrecht<\/h2>\n\n\n\n<p>Konsumenten steht grunds\u00e4tzlich ein Widerrufsrecht zu. N\u00e4here Informationen zum Widerrufsrecht ergeben sich aus der Widerrufsbelehrung des Verk\u00e4ufers.<\/p>\n\n\n\n<h2 class=\"wp-block-heading\">4) Preise und Zahlungsbedingungen<\/h2>\n\n\n\n<p><strong>4.1<\/strong>\u2009Die vom Verk\u00e4ufer angegebenen Preise sind Gesamtpreise. Gegebenenfalls zus\u00e4tzlich anfallende Liefer- und Versandkosten werden in der jeweiligen Produktbeschreibung gesondert angegeben.<\/p>\n\n\n\n<p><strong>4.2<\/strong>\u2009Dem Kunden stehen verschiedene Zahlungsm\u00f6glichkeiten zur Verf\u00fcgung, die im Online-Shop des Verk\u00e4ufers angegeben werden und im Verlauf des Bestellvorganges zur Auswahl stehen.<\/p>\n\n\n\n<h2 class=\"wp-block-heading\">5) Liefer- und Versandbedingungen<\/h2>\n\n\n\n<p><strong>5.1<\/strong>\u2009Die Lieferung von Waren erfolgt regelm\u00e4ssig auf dem Versandwege und an die vom Kunden angegebene Lieferanschrift. Bei der Abwicklung der Transaktion ist die in der Bestellabwicklung des Verk\u00e4ufers angegebene Lieferanschrift massgeblich.<\/p>\n\n\n\n<p><strong>5.2<\/strong>\u2009Sendet das Transportunternehmen die versandte Ware an den Verk\u00e4ufer zur\u00fcck, da eine Zustellung beim Kunden nicht m\u00f6glich war, tr\u00e4gt der Kunde die Kosten f\u00fcr den erfolglosen Versand.<\/p>\n\n\n\n<p><strong>5.3<\/strong>\u2009Grunds\u00e4tzlich geht die Gefahr des zuf\u00e4lligen Untergangs und der zuf\u00e4lligen Verschlechterung der verkauften Ware mit Aufgabe der Ware zum Versand oder mit \u00dcbergabe an die beauftragte Transportperson \u00fcber.<\/p>\n\n\n\n<h2 class=\"wp-block-heading\">6) M\u00e4ngelhaftung<\/h2>\n\n\n\n<p>Es gilt die gesetzliche M\u00e4ngelhaftung.<\/p>\n\n\n\n<h2 class=\"wp-block-heading\">7) Anwendbares Recht, Gerichtsstand<\/h2>\n\n\n\n<p><strong>7.1<\/strong>\u2009Handelt der Kunde als Konsument, so gilt f\u00fcr s\u00e4mtliche Rechtsbeziehungen der Parteien Schweizer Recht unter Ausschluss der UN-Konvention \u00fcber den internationalen Kauf beweglicher Sachen und ist ausschliesslicher Gerichtsstand f\u00fcr alle Streitigkeiten aus diesem Vertrag der Wohnsitz des Kunden.<\/p>\n\n\n\n<p><strong>7.2<\/strong>\u2009Handelt der Kunde als Unternehmer, so ist ausschliesslicher Gerichtsstand f\u00fcr alle Streitigkeiten aus diesem Vertrag der Wohn- oder Gesch\u00e4ftssitz des Verk\u00e4ufers.<\/p>\n","protected":false},"excerpt":{"rendered":"<p>Inhaltsverzeichnis 1) Geltungsbereich 1.1\u2009Diese Gesch\u00e4ftsbedingungen der Lina Annen, handelnd unter &#171;maulkorb-shop.ch&#187; (nachfolgend &#171;Verk\u00e4ufer&#187;), gelten f\u00fcr alle Vertr\u00e4ge, die ein Konsument oder Unternehmer (nachfolgend &#171;Kunde&#187;) mit dem Verk\u00e4ufer hinsichtlich der vom Verk\u00e4ufer in seinem Online-Shop dargestellten Waren und\/oder Leistungen abschliesst. Hiermit wird der Einbeziehung von eigenen Bedingungen des Kunden widersprochen, es sei denn, es ist etwas [&hellip;]<\/p>\n","protected":false},"author":1,"featured_media":0,"parent":0,"menu_order":0,"comment_status":"closed","ping_status":"closed","template":"","meta":{"site-sidebar-layout":"default","site-content-layout":"","ast-site-content-layout":"default","site-content-style":"default","site-sidebar-style":"default","ast-global-header-display":"","ast-banner-title-visibility":"","ast-main-header-display":"","ast-hfb-above-header-display":"","ast-hfb-below-header-display":"","ast-hfb-mobile-header-display":"","site-post-title":"","ast-breadcrumbs-content":"","ast-featured-img":"","footer-sml-layout":"","ast-disable-related-posts":"","theme-transparent-header-meta":"","adv-header-id-meta":"","stick-header-meta":"","header-above-stick-meta":"","header-main-stick-meta":"","header-below-stick-meta":"","astra-migrate-meta-layouts":"set","ast-page-background-enabled":"default","ast-page-background-meta":{"desktop":{"background-color":"var(--ast-global-color-4)","background-image":"","background-repeat":"repeat","background-position":"center center","background-size":"auto","background-attachment":"scroll","background-type":"","background-media":"","overlay-type":"","overlay-color":"","overlay-opacity":"","overlay-gradient":""},"tablet":{"background-color":"","background-image":"","background-repeat":"repeat","background-position":"center center","background-size":"auto","background-attachment":"scroll","background-type":"","background-media":"","overlay-type":"","overlay-color":"","overlay-opacity":"","overlay-gradient":""},"mobile":{"background-color":"","background-image":"","background-repeat":"repeat","background-position":"center center","background-size":"auto","background-attachment":"scroll","background-type":"","background-media":"","overlay-type":"","overlay-color":"","overlay-opacity":"","overlay-gradient":""}},"ast-content-background-meta":{"desktop":{"background-color":"var(--ast-global-color-5)","background-image":"","background-repeat":"repeat","background-position":"center center","background-size":"auto","background-attachment":"scroll","background-type":"","background-media":"","overlay-type":"","overlay-color":"","overlay-opacity":"","overlay-gradient":""},"tablet":{"background-color":"var(--ast-global-color-5)","background-image":"","background-repeat":"repeat","background-position":"center center","background-size":"auto","background-attachment":"scroll","background-type":"","background-media":"","overlay-type":"","overlay-color":"","overlay-opacity":"","overlay-gradient":""},"mobile":{"background-color":"var(--ast-global-color-5)","background-image":"","background-repeat":"repeat","background-position":"center center","background-size":"auto","background-attachment":"scroll","background-type":"","background-media":"","overlay-type":"","overlay-color":"","overlay-opacity":"","overlay-gradient":""}},"footnotes":""},"class_list":["post-428","page","type-page","status-publish","hentry"],"_links":{"self":[{"href":"https:\/\/maulkorb-shop.ch\/index.php\/wp-json\/wp\/v2\/pages\/428","targetHints":{"allow":["GET"]}}],"collection":[{"href":"https:\/\/maulkorb-shop.ch\/index.php\/wp-json\/wp\/v2\/pages"}],"about":[{"href":"https:\/\/maulkorb-shop.ch\/index.php\/wp-json\/wp\/v2\/types\/page"}],"author":[{"embeddable":true,"href":"https:\/\/maulkorb-shop.ch\/index.php\/wp-json\/wp\/v2\/users\/1"}],"replies":[{"embeddable":true,"href":"https:\/\/maulkorb-shop.ch\/index.php\/wp-json\/wp\/v2\/comments?post=428"}],"version-history":[{"count":0,"href":"https:\/\/maulkorb-shop.ch\/index.php\/wp-json\/wp\/v2\/pages\/428\/revisions"}],"wp:attachment":[{"href":"https:\/\/maulkorb-shop.ch\/index.php\/wp-json\/wp\/v2\/media?parent=428"}],"curies":[{"name":"wp","href":"https:\/\/api.w.org\/{rel}","templated":true}]}}