{"id":2191,"date":"2024-09-20T08:51:10","date_gmt":"2024-09-20T06:51:10","guid":{"rendered":"https:\/\/maulkorb-shop.ch\/?page_id=2191"},"modified":"2026-04-28T11:46:08","modified_gmt":"2026-04-28T09:46:08","slug":"links-zu-dienstleistern-rund-um-den-hund","status":"publish","type":"page","link":"https:\/\/maulkorb-shop.ch\/index.php\/links-zu-dienstleistern-rund-um-den-hund\/","title":{"rendered":"Partnerunternehmen rund um den Hund"},"content":{"rendered":"\n<hr class=\"wp-block-separator aligncenter has-alpha-channel-opacity is-style-wide\" style=\"margin-top:var(--wp--preset--spacing--40);margin-bottom:var(--wp--preset--spacing--40)\"\/>\n\n\n\n<figure class=\"wp-block-image aligncenter size-full is-resized\"><a href=\"https:\/\/www.stichartig.ch\/\" target=\"_blank\" rel=\"noreferrer noopener\"><img loading=\"lazy\" decoding=\"async\" width=\"270\" height=\"171\" src=\"https:\/\/maulkorb-shop.ch\/wp-content\/uploads\/2024\/09\/image.png\" alt=\"\" class=\"wp-image-4273\" style=\"width:212px;height:auto\"\/><\/a><\/figure>\n\n\n\n<hr class=\"wp-block-separator has-alpha-channel-opacity is-style-wide\" style=\"margin-top:var(--wp--preset--spacing--40);margin-bottom:var(--wp--preset--spacing--40)\"\/>\n\n\n\n<h4 class=\"wp-block-heading has-text-align-center\">Hundeschule <strong>Roger Sommer <\/strong><a href=\"http:\/\/hunde-crew.ch\" data-type=\"link\" data-id=\"hunde-crew.ch\" target=\"_blank\" rel=\"noreferrer noopener\">hunde-crew.ch<\/a><\/h4>\n\n\n\n<hr class=\"wp-block-separator has-alpha-channel-opacity is-style-wide\" style=\"margin-top:var(--wp--preset--spacing--40);margin-bottom:var(--wp--preset--spacing--40)\"\/>\n\n\n\n<figure class=\"wp-block-image aligncenter size-large is-resized\"><a href=\"https:\/\/www.martinruetter.com\/wynental\/\" target=\"_blank\" rel=\"noreferrer noopener\"><img loading=\"lazy\" decoding=\"async\" width=\"1024\" height=\"209\" src=\"https:\/\/maulkorb-shop.ch\/wp-content\/uploads\/2024\/09\/Wynental\ufffdlinksbuendig_CMYK\ufffdMRH002_Wort-Bildmarke_linksbuendig_CMYK_Wynental-1024x209.jpg\" alt=\"\" class=\"wp-image-4264\" style=\"width:345px;height:auto\" srcset=\"https:\/\/maulkorb-shop.ch\/wp-content\/uploads\/2024\/09\/Wynental\ufffdlinksbuendig_CMYK\ufffdMRH002_Wort-Bildmarke_linksbuendig_CMYK_Wynental-1024x209.jpg 1024w, https:\/\/maulkorb-shop.ch\/wp-content\/uploads\/2024\/09\/Wynental\ufffdlinksbuendig_CMYK\ufffdMRH002_Wort-Bildmarke_linksbuendig_CMYK_Wynental-300x61.jpg 300w, https:\/\/maulkorb-shop.ch\/wp-content\/uploads\/2024\/09\/Wynental\ufffdlinksbuendig_CMYK\ufffdMRH002_Wort-Bildmarke_linksbuendig_CMYK_Wynental-768x157.jpg 768w, https:\/\/maulkorb-shop.ch\/wp-content\/uploads\/2024\/09\/Wynental\ufffdlinksbuendig_CMYK\ufffdMRH002_Wort-Bildmarke_linksbuendig_CMYK_Wynental-1536x314.jpg 1536w, https:\/\/maulkorb-shop.ch\/wp-content\/uploads\/2024\/09\/Wynental\ufffdlinksbuendig_CMYK\ufffdMRH002_Wort-Bildmarke_linksbuendig_CMYK_Wynental-2048x419.jpg 2048w, https:\/\/maulkorb-shop.ch\/wp-content\/uploads\/2024\/09\/Wynental\ufffdlinksbuendig_CMYK\ufffdMRH002_Wort-Bildmarke_linksbuendig_CMYK_Wynental-600x123.jpg 600w\" sizes=\"auto, (max-width: 1024px) 100vw, 1024px\" \/><\/a><\/figure>\n\n\n\n<hr class=\"wp-block-separator has-alpha-channel-opacity is-style-wide\" style=\"margin-top:var(--wp--preset--spacing--40);margin-bottom:var(--wp--preset--spacing--40)\"\/>\n\n\n\n<figure class=\"wp-block-image aligncenter size-large is-resized\"><a href=\"https:\/\/www.beo-tierspitex.ch\/\" target=\"_blank\" rel=\"noreferrer noopener\"><img loading=\"lazy\" decoding=\"async\" width=\"1024\" height=\"225\" src=\"https:\/\/maulkorb-shop.ch\/wp-content\/uploads\/2024\/09\/Web_Beo_Tierspitex_Logo_A_braun-1024x225.png\" alt=\"\" class=\"wp-image-4260\" style=\"width:329px;height:auto\" srcset=\"https:\/\/maulkorb-shop.ch\/wp-content\/uploads\/2024\/09\/Web_Beo_Tierspitex_Logo_A_braun-1024x225.png 1024w, https:\/\/maulkorb-shop.ch\/wp-content\/uploads\/2024\/09\/Web_Beo_Tierspitex_Logo_A_braun-300x66.png 300w, https:\/\/maulkorb-shop.ch\/wp-content\/uploads\/2024\/09\/Web_Beo_Tierspitex_Logo_A_braun-768x169.png 768w, https:\/\/maulkorb-shop.ch\/wp-content\/uploads\/2024\/09\/Web_Beo_Tierspitex_Logo_A_braun-600x132.png 600w, https:\/\/maulkorb-shop.ch\/wp-content\/uploads\/2024\/09\/Web_Beo_Tierspitex_Logo_A_braun.png 1500w\" sizes=\"auto, (max-width: 1024px) 100vw, 1024px\" \/><\/a><\/figure>\n\n\n\n<hr class=\"wp-block-separator has-alpha-channel-opacity is-style-wide\" style=\"margin-top:var(--wp--preset--spacing--40);margin-bottom:var(--wp--preset--spacing--40)\"\/>\n\n\n\n<h4 class=\"wp-block-heading has-text-align-center\"><a href=\"https:\/\/www.hundeschule-phoenixson.ch\/\" data-type=\"link\" data-id=\"https:\/\/www.hundeschule-phoenixson.ch\/\" target=\"_blank\" rel=\"noreferrer noopener\">Hundeschule Phoenixson<\/a><\/h4>\n\n\n\n<hr class=\"wp-block-separator has-alpha-channel-opacity is-style-wide\" style=\"margin-top:var(--wp--preset--spacing--40);margin-bottom:var(--wp--preset--spacing--40)\"\/>\n\n\n\n<h4 class=\"wp-block-heading has-text-align-center\">Hundeschule Martin Naef   <a href=\"https:\/\/home-dog-training-naef.ch\/\" data-type=\"link\" data-id=\"https:\/\/home-dog-training-naef.ch\/\" target=\"_blank\" rel=\"noreferrer noopener\">home-dog-training-naef.ch<\/a><\/h4>\n\n\n\n<hr class=\"wp-block-separator has-alpha-channel-opacity is-style-wide\" style=\"margin-top:var(--wp--preset--spacing--40);margin-bottom:var(--wp--preset--spacing--40)\"\/>\n\n\n\n<p>Haftungshinweis: Trotz sorgf\u00e4ltiger inhaltlicher Kontrolle <strong>\u00fcbernehmen wir keine Haftung<\/strong> f\u00fcr die Inhalte externer <strong>Links<\/strong>. F\u00fcr den Inhalt der verlinkten Seiten sind ausschlie\u00dflich deren Betreiber verantwortlich<\/p>\n","protected":false},"excerpt":{"rendered":"<p>Hundeschule Roger Sommer hunde-crew.ch Hundeschule Phoenixson Hundeschule Martin Naef home-dog-training-naef.ch Haftungshinweis: Trotz sorgf\u00e4ltiger inhaltlicher Kontrolle \u00fcbernehmen wir keine Haftung f\u00fcr die Inhalte externer Links. F\u00fcr den Inhalt der verlinkten Seiten sind ausschlie\u00dflich deren Betreiber verantwortlich<\/p>\n","protected":false},"author":1,"featured_media":0,"parent":0,"menu_order":0,"comment_status":"closed","ping_status":"closed","template":"","meta":{"site-sidebar-layout":"no-sidebar","site-content-layout":"","ast-site-content-layout":"normal-width-container","site-content-style":"default","site-sidebar-style":"default","ast-global-header-display":"","ast-banner-title-visibility":"","ast-main-header-display":"","ast-hfb-above-header-display":"","ast-hfb-below-header-display":"","ast-hfb-mobile-header-display":"","site-post-title":"","ast-breadcrumbs-content":"","ast-featured-img":"","footer-sml-layout":"","ast-disable-related-posts":"","theme-transparent-header-meta":"","adv-header-id-meta":"","stick-header-meta":"","header-above-stick-meta":"","header-main-stick-meta":"","header-below-stick-meta":"","astra-migrate-meta-layouts":"set","ast-page-background-enabled":"default","ast-page-background-meta":{"desktop":{"background-color":"var(--ast-global-color-4)","background-image":"","background-repeat":"repeat","background-position":"center center","background-size":"auto","background-attachment":"scroll","background-type":"","background-media":"","overlay-type":"","overlay-color":"","overlay-opacity":"","overlay-gradient":""},"tablet":{"background-color":"","background-image":"","background-repeat":"repeat","background-position":"center center","background-size":"auto","background-attachment":"scroll","background-type":"","background-media":"","overlay-type":"","overlay-color":"","overlay-opacity":"","overlay-gradient":""},"mobile":{"background-color":"","background-image":"","background-repeat":"repeat","background-position":"center center","background-size":"auto","background-attachment":"scroll","background-type":"","background-media":"","overlay-type":"","overlay-color":"","overlay-opacity":"","overlay-gradient":""}},"ast-content-background-meta":{"desktop":{"background-color":"var(--ast-global-color-5)","background-image":"","background-repeat":"repeat","background-position":"center center","background-size":"auto","background-attachment":"scroll","background-type":"","background-media":"","overlay-type":"","overlay-color":"","overlay-opacity":"","overlay-gradient":""},"tablet":{"background-color":"var(--ast-global-color-5)","background-image":"","background-repeat":"repeat","background-position":"center center","background-size":"auto","background-attachment":"scroll","background-type":"","background-media":"","overlay-type":"","overlay-color":"","overlay-opacity":"","overlay-gradient":""},"mobile":{"background-color":"var(--ast-global-color-5)","background-image":"","background-repeat":"repeat","background-position":"center center","background-size":"auto","background-attachment":"scroll","background-type":"","background-media":"","overlay-type":"","overlay-color":"","overlay-opacity":"","overlay-gradient":""}},"footnotes":""},"class_list":["post-2191","page","type-page","status-publish","hentry"],"_links":{"self":[{"href":"https:\/\/maulkorb-shop.ch\/index.php\/wp-json\/wp\/v2\/pages\/2191","targetHints":{"allow":["GET"]}}],"collection":[{"href":"https:\/\/maulkorb-shop.ch\/index.php\/wp-json\/wp\/v2\/pages"}],"about":[{"href":"https:\/\/maulkorb-shop.ch\/index.php\/wp-json\/wp\/v2\/types\/page"}],"author":[{"embeddable":true,"href":"https:\/\/maulkorb-shop.ch\/index.php\/wp-json\/wp\/v2\/users\/1"}],"replies":[{"embeddable":true,"href":"https:\/\/maulkorb-shop.ch\/index.php\/wp-json\/wp\/v2\/comments?post=2191"}],"version-history":[{"count":1,"href":"https:\/\/maulkorb-shop.ch\/index.php\/wp-json\/wp\/v2\/pages\/2191\/revisions"}],"predecessor-version":[{"id":7010,"href":"https:\/\/maulkorb-shop.ch\/index.php\/wp-json\/wp\/v2\/pages\/2191\/revisions\/7010"}],"wp:attachment":[{"href":"https:\/\/maulkorb-shop.ch\/index.php\/wp-json\/wp\/v2\/media?parent=2191"}],"curies":[{"name":"wp","href":"https:\/\/api.w.org\/{rel}","templated":true}]}}