{"id":1159,"date":"2022-12-01T08:43:41","date_gmt":"2022-12-01T07:43:41","guid":{"rendered":"https:\/\/maulkorb-shop.ch\/?page_id=1159"},"modified":"2026-01-17T09:30:04","modified_gmt":"2026-01-17T08:30:04","slug":"kontakt","status":"publish","type":"page","link":"https:\/\/maulkorb-shop.ch\/index.php\/kontakt\/","title":{"rendered":"Kontakt"},"content":{"rendered":"\n<p>telefonisch unter: 076 202 5582<\/p>\n\n\n\n<p>per Mail: info(@)maulkorb-shop.ch<\/p>\n\n\n\n<p><strong>Industriestrasse 19 in 3812 Wilderswil<\/strong>  (Anfahrt siehe unten)<\/p>\n\n\n\n<hr class=\"wp-block-separator has-alpha-channel-opacity is-style-wide\"\/>\n\n\n\n<p><strong>\u00d6ffnungszeiten nach Terminverinbarung<\/strong><\/p>\n\n\n\n<p id=\"block-f0e8fa14-6f98-4f27-83d7-4bad0c397291\"><strong><strong>Anprobe und Beratung in Wilderswil<\/strong><\/strong><\/p>\n\n\n\n<p id=\"block-f0e8fa14-6f98-4f27-83d7-4bad0c397291\">Wir nehmen uns Zeit, f\u00fcr Deinen Hund und Eure Situation den passenden Maulkorb zu finden. Kleinere Anpassungen wie Riemen einstellen, ggf. zurechtbiegen, zus\u00e4tzliche Riemen anbringen werden direkt erledigt.<\/p>\n\n\n\n<p>Weitere W\u00fcnsche wie farbige Beschichtung oder das Anbringen von komplett neuen, bunten Riemen sind in dem zeitlichen Rahmen meist nicht m\u00f6glich &#8211; daf\u00fcr m\u00fcsst Ihr etwas Geduld haben und der fertige Korb wird dann zu geschickt.<\/p>\n\n\n\n<p><strong>Was braucht es f\u00fcr eine Anprobe:<\/strong><\/p>\n\n\n\n<ul class=\"wp-block-list\">\n<li>plant ggf. etwas Zeit vor dem Termin ein um nach einer l\u00e4ngeren Fahrt den Hund zu l\u00fcften<\/li>\n\n\n\n<li>bringt gern ein paar Leckerli mit, am besten kleine St\u00fccke Trockenfutter (bitte keine Pasten! &#8211; die verschmiert es im ganzen Raum wenn der Hund mit dem Korb ruml\u00e4uft oder sich sch\u00fcttelt bevor er alles aufgeschleckt hat)<\/li>\n\n\n\n<li>Ihr solltet in der Lage sein, Euren Hund zu managen und ihm Maulk\u00f6rbe anzuziehen. Er muss noch nie einen Maulkorb angehabt haben, jedoch wird die Anprobe von Euch druchgef\u00fchrt und wir leiten Euch dabei an.<\/li>\n<\/ul>\n\n\n\n<p id=\"block-f0e8fa14-6f98-4f27-83d7-4bad0c397291\"><br><strong>Kosten<\/strong>: F\u00fcr die Maulkorbberatung wird pauschal 15 CHF berechnet (exklusiv Maulkorb). Zahlungen sind in bar oder mit TWINT m\u00f6glich. (Zahlung mit Karte ist NICHT m\u00f6glich.)<\/p>\n\n\n\n<p><\/p>\n\n\n\n<p>Sollte kein angebotener Termin passen meldet Euch gern telefonisch &#8211; oft kann ich an anderen Tagen noch etwas dazwischen schieben.<\/p>\n\n\n<p><!-- Calendly Inline-Widget Beginn --><\/p>\n<div class=\"calendly-inline-widget\" data-url=\"https:\/\/calendly.com\/maulkorb-shop-info\/60min?hide_event_type_details=1&#038;hide_gdpr_banner=1\" style=\"min-width:320px;height:700px;\"><\/div>\n<p><script type=\"text\/javascript\" src=\"https:\/\/assets.calendly.com\/assets\/external\/widget.js\" async><\/script><br \/>\n<!-- Calendly Inline-Widget Ende --><\/p>\n\n\n<p><mark style=\"background-color:rgba(0, 0, 0, 0);color:#91949c\" class=\"has-inline-color\">Falls kein Kalender sichtbar ist bitte diesen Link nutzen:\n<!-- Calendly Link-Widget Beginn -->\n<link href=\"https:\/\/assets.calendly.com\/assets\/external\/widget.css\" rel=\"stylesheet\">\n<script src=\"https:\/\/assets.calendly.com\/assets\/external\/widget.js\" type=\"text\/javascript\" async><\/script>\n<a href=\"\" onclick=\"Calendly.initPopupWidget({url: 'https:\/\/calendly.com\/maulkorb-shop-info?hide_landing_page_details=1'});return false;\">Zeitplan Zeitfenster<\/a>\n<!-- Calendly Link-Widget Ende -->\n\n\n\n<hr class=\"wp-block-separator has-alpha-channel-opacity is-style-wide\"\/>\n\n\n\n<h4 class=\"wp-block-heading\"><strong>Anfahrt<\/strong>:<\/h4>\n\n\n\n<p><strong>Industriestrasse 19 \/ Halle 12 in 3812 Wilderswil<\/strong> &#8211; <\/p>\n\n\n\n<p><strong>HINWEIS<\/strong>: Die Strasse ist recht neu und Navis finden die Adresse oft noch nicht!  Gebt bei Google die <strong>Industriestrasse 17<\/strong> ein und fahrt dann 100 m weiter &#8211; so sollte es klappen. (Ansonsten kann es sein dass ihr von der falschen Seite hergelotst werdet &#8211; dort kommt ihr nicht durch denn es ist gesperrtes RUAG-Gel\u00e4nde)<\/p>\n\n\n\n<p><\/p>\n\n\n\n<p>Autobahnausfahrt 25 Wilderswil nehmen.<\/p>\n\n\n\n<ul class=\"wp-block-list\">\n<li>Von Brienz kommend links abbiegen, dann im Kreisverkehr links Richtung <strong>GEWERBEZONE<\/strong>.<\/li>\n\n\n\n<li>Von Thun kommend im Kreisverkehr geradeaus Richtung <strong>GEWERBEZONE<\/strong>.<br>Nach 150m links abbiegen, der Strasse folgen bis zum Autoh\u00e4ndler Skoda, dahinter direkt rechts abbiegen. Am Ende wieder rechts. Ihr findet mich in dem <strong>grossen gr\u00fcnen Geb\u00e4ude<\/strong> <strong>auf der Vorderseite in Halle 12.<\/strong><\/li>\n<\/ul>\n\n\n<p><iframe src=\"https:\/\/www.google.com\/maps\/embed?pb=!1m26!1m12!1m3!1d6808.843469403134!2d7.87122489184499!3d46.670273855131754!2m3!1f0!2f0!3f0!3m2!1i1024!2i768!4f13.1!4m11!3e6!4m3!3m2!1d46.671945!2d7.8677527!4m5!1s0x478e2cddd24c13f1%3A0xf87f8cd49f24a308!2smaulkorb-shop.ch%2C%20Industriestrasse%2019%2C%203812%20Wilderswil!3m2!1d46.6701409!2d7.878159999999999!5e1!3m2!1sde!2sch!4v1692635083353!5m2!1sde!2sch\" width=\"800\" height=\"600\" style=\"border:0;\" allowfullscreen=\"\" loading=\"lazy\" referrerpolicy=\"no-referrer-when-downgrade\"><\/iframe><\/p>","protected":false},"excerpt":{"rendered":"<p>telefonisch unter: 076 202 5582 per Mail: info(@)maulkorb-shop.ch Industriestrasse 19 in 3812 Wilderswil (Anfahrt siehe unten) \u00d6ffnungszeiten nach Terminverinbarung Anprobe und Beratung in Wilderswil Wir nehmen uns Zeit, f\u00fcr Deinen Hund und Eure Situation den passenden Maulkorb zu finden. Kleinere Anpassungen wie Riemen einstellen, ggf. zurechtbiegen, zus\u00e4tzliche Riemen anbringen werden direkt erledigt. Weitere W\u00fcnsche wie [&hellip;]<\/p>\n","protected":false},"author":1,"featured_media":0,"parent":0,"menu_order":0,"comment_status":"closed","ping_status":"closed","template":"","meta":{"site-sidebar-layout":"default","site-content-layout":"","ast-site-content-layout":"default","site-content-style":"default","site-sidebar-style":"default","ast-global-header-display":"","ast-banner-title-visibility":"","ast-main-header-display":"","ast-hfb-above-header-display":"","ast-hfb-below-header-display":"","ast-hfb-mobile-header-display":"","site-post-title":"","ast-breadcrumbs-content":"","ast-featured-img":"","footer-sml-layout":"","ast-disable-related-posts":"","theme-transparent-header-meta":"","adv-header-id-meta":"","stick-header-meta":"","header-above-stick-meta":"","header-main-stick-meta":"","header-below-stick-meta":"","astra-migrate-meta-layouts":"set","ast-page-background-enabled":"default","ast-page-background-meta":{"desktop":{"background-color":"var(--ast-global-color-4)","background-image":"","background-repeat":"repeat","background-position":"center center","background-size":"auto","background-attachment":"scroll","background-type":"","background-media":"","overlay-type":"","overlay-color":"","overlay-opacity":"","overlay-gradient":""},"tablet":{"background-color":"","background-image":"","background-repeat":"repeat","background-position":"center center","background-size":"auto","background-attachment":"scroll","background-type":"","background-media":"","overlay-type":"","overlay-color":"","overlay-opacity":"","overlay-gradient":""},"mobile":{"background-color":"","background-image":"","background-repeat":"repeat","background-position":"center center","background-size":"auto","background-attachment":"scroll","background-type":"","background-media":"","overlay-type":"","overlay-color":"","overlay-opacity":"","overlay-gradient":""}},"ast-content-background-meta":{"desktop":{"background-color":"var(--ast-global-color-5)","background-image":"","background-repeat":"repeat","background-position":"center center","background-size":"auto","background-attachment":"scroll","background-type":"","background-media":"","overlay-type":"","overlay-color":"","overlay-opacity":"","overlay-gradient":""},"tablet":{"background-color":"var(--ast-global-color-5)","background-image":"","background-repeat":"repeat","background-position":"center center","background-size":"auto","background-attachment":"scroll","background-type":"","background-media":"","overlay-type":"","overlay-color":"","overlay-opacity":"","overlay-gradient":""},"mobile":{"background-color":"var(--ast-global-color-5)","background-image":"","background-repeat":"repeat","background-position":"center center","background-size":"auto","background-attachment":"scroll","background-type":"","background-media":"","overlay-type":"","overlay-color":"","overlay-opacity":"","overlay-gradient":""}},"footnotes":""},"class_list":["post-1159","page","type-page","status-publish","hentry"],"_links":{"self":[{"href":"https:\/\/maulkorb-shop.ch\/index.php\/wp-json\/wp\/v2\/pages\/1159","targetHints":{"allow":["GET"]}}],"collection":[{"href":"https:\/\/maulkorb-shop.ch\/index.php\/wp-json\/wp\/v2\/pages"}],"about":[{"href":"https:\/\/maulkorb-shop.ch\/index.php\/wp-json\/wp\/v2\/types\/page"}],"author":[{"embeddable":true,"href":"https:\/\/maulkorb-shop.ch\/index.php\/wp-json\/wp\/v2\/users\/1"}],"replies":[{"embeddable":true,"href":"https:\/\/maulkorb-shop.ch\/index.php\/wp-json\/wp\/v2\/comments?post=1159"}],"version-history":[{"count":1,"href":"https:\/\/maulkorb-shop.ch\/index.php\/wp-json\/wp\/v2\/pages\/1159\/revisions"}],"predecessor-version":[{"id":6997,"href":"https:\/\/maulkorb-shop.ch\/index.php\/wp-json\/wp\/v2\/pages\/1159\/revisions\/6997"}],"wp:attachment":[{"href":"https:\/\/maulkorb-shop.ch\/index.php\/wp-json\/wp\/v2\/media?parent=1159"}],"curies":[{"name":"wp","href":"https:\/\/api.w.org\/{rel}","templated":true}]}}